{"id":2823,"date":"2021-10-28T12:48:37","date_gmt":"2021-10-28T11:48:37","guid":{"rendered":"https:\/\/ptrelax.net\/?page_id=2823"},"modified":"2021-12-30T13:06:25","modified_gmt":"2021-12-30T13:06:25","slug":"politica-de-privacidade","status":"publish","type":"page","link":"https:\/\/ptrelax.net\/en\/politica-de-privacidade\/","title":{"rendered":"Pol\u00edtica de privacidade"},"content":{"rendered":"<h4 class=\"has-neve-link-color-color has-text-color wp-block-heading\">Quem somos<\/h4>\n\n\n\n<p>O endere\u00e7o do nosso site \u00e9: https:\/\/ptrelax.net.<\/p>\n\n\n\n<h4 class=\"has-neve-link-color-color has-text-color wp-block-heading\">Cookies<\/h4>\n\n\n\n<p>Ao entrar no nosso site pode optar por guardar o seu nome, endere\u00e7o de email e site nos cookies. Isto \u00e9 para sua conveni\u00eancia para n\u00e3o ter de preencher novamente os seus dados quando deixar outro coment\u00e1rio. Estes cookies durar\u00e3o um ano.<\/p>\n\n\n\n<p>Se visitar a p\u00e1gina de in\u00edcio de sess\u00e3o, ser\u00e1 configurado um cookie tempor\u00e1rio para determinar se o seu navegador aceita cookies. Este cookie n\u00e3o cont\u00e9m dados pessoais e ser\u00e1 eliminado ao fechar o seu navegador.<\/p>\n\n\n\n<p>Ao iniciar a sess\u00e3o, ser\u00e3o configurados alguns cookies para guardar a sua informa\u00e7\u00e3o de sess\u00e3o e as suas escolhas de visualiza\u00e7\u00e3o de ecr\u00e3. Os cookies de in\u00edcio de sess\u00e3o duram um ano. Se seleccionar &#8220;Lembrar-me&#8221;, a sua sess\u00e3o ir\u00e1 persistir durante duas semanas. Ao terminar a sess\u00e3o, os cookies de inicio de sess\u00e3o ser\u00e3o removidos.<\/p>\n\n\n\n<h4 class=\"has-neve-link-color-color has-text-color wp-block-heading\">Conte\u00fado incorporado de outros sites<\/h4>\n\n\n\n<p>Os artigos neste site podem incluir conte\u00fado incorporado (por exemplo: v\u00eddeos, imagens, artigos, etc.). O conte\u00fado incorporado de outros sites comporta-se tal como se o utilizador visitasse esses sites.<\/p>\n\n\n\n<p>Este site pode recolher dados sobre si, usar cookies, incorporar rastreio feito por terceiros, monitorizar as suas interac\u00e7\u00f5es com o mesmo, incluindo registar as interac\u00e7\u00f5es com conte\u00fado incorporado se tiver uma conta e estiver com sess\u00e3o iniciada nesse site.<\/p>\n\n\n\n<h4 class=\"has-neve-link-color-color has-text-color wp-block-heading\">Com quem s\u00e3o partilhados os seus dados<\/h4>\n\n\n\n<p>Se solicitar uma redefini\u00e7\u00e3o de senha, o seu endere\u00e7o de IP ser\u00e1 inclu\u00eddo no email de redefini\u00e7\u00e3o.<\/p>\n\n\n\n<h4 class=\"has-neve-link-color-color has-text-color wp-block-heading\">Por quanto tempo s\u00e3o retidos os seus dados<\/h4>\n\n\n\n<p>Para utilizadores que se registem no nosso site, guardamos a informa\u00e7\u00e3o pessoal fornecida no seu perfil de utilizador. Todos os utilizadores podem ver, editar, ou eliminar a sua informa\u00e7\u00e3o pessoal a qualquer momento (com a exce\u00e7\u00e3o de n\u00e3o poderem alterar o nome de utilizador). Os administradores do site podem tamb\u00e9m ver e editar essa informa\u00e7\u00e3o.<\/p>\n\n\n\n<h4 class=\"has-neve-link-color-color has-text-color wp-block-heading\">Que direitos tem sobre os seus dados<\/h4>\n\n\n\n<p>Se tiver uma conta neste site, pode pedir para receber um ficheiro de exporta\u00e7\u00e3o com os dados pessoais guardados sobre si, incluindo qualquer dado pessoal que indicou. Tamb\u00e9m pode solicitar que os dados guardados sejam eliminados. Isto n\u00e3o inclui qualquer dado pessoal que seja obrigat\u00f3rio manter para fins administrativos, legais ou de seguran\u00e7a.<\/p>","protected":false},"excerpt":{"rendered":"<p>Quem somos O endere\u00e7o do nosso site \u00e9: https:\/\/ptrelax.net. Cookies Ao entrar no nosso site pode optar por guardar o seu nome, endere\u00e7o de email e site nos cookies. Isto \u00e9 para sua conveni\u00eancia para n\u00e3o ter de preencher novamente os seus dados quando deixar outro coment\u00e1rio. Estes cookies durar\u00e3o um ano. Se visitar a&hellip;&nbsp;<a href=\"https:\/\/ptrelax.net\/en\/politica-de-privacidade\/\" rel=\"bookmark\">Read More &raquo;<span class=\"screen-reader-text\">Pol\u00edtica de privacidade<\/span><\/a><\/p>","protected":false},"author":1,"featured_media":3018,"parent":0,"menu_order":0,"comment_status":"closed","ping_status":"closed","template":"","meta":{"nf_dc_page":"","om_disable_all_campaigns":false,"_monsterinsights_skip_tracking":false,"_monsterinsights_sitenote_active":false,"_monsterinsights_sitenote_note":"","_monsterinsights_sitenote_category":0,"neve_meta_sidebar":"","neve_meta_container":"","neve_meta_enable_content_width":"","neve_meta_content_width":0,"neve_meta_title_alignment":"","neve_meta_author_avatar":"","neve_post_elements_order":"","neve_meta_disable_header":"","neve_meta_disable_footer":"","neve_meta_disable_title":"","_themeisle_gutenberg_block_has_review":false,"footnotes":""},"class_list":["post-2823","page","type-page","status-publish","has-post-thumbnail","hentry"],"yoast_head":"<!-- This site is optimized with the Yoast SEO plugin v27.6 - https:\/\/yoast.com\/product\/yoast-seo-wordpress\/ -->\n<title>Pol\u00edtica de privacidade - PTRELAX<\/title>\n<meta name=\"robots\" content=\"index, follow, max-snippet:-1, max-image-preview:large, max-video-preview:-1\" \/>\n<link rel=\"canonical\" href=\"https:\/\/ptrelax.net\/en\/politica-de-privacidade\/\" \/>\n<meta property=\"og:locale\" content=\"en_GB\" \/>\n<meta property=\"og:type\" content=\"article\" \/>\n<meta property=\"og:title\" content=\"Pol\u00edtica de privacidade - PTRELAX\" \/>\n<meta property=\"og:description\" content=\"Quem somos O endere\u00e7o do nosso site \u00e9: https:\/\/ptrelax.net. Cookies Ao entrar no nosso site pode optar por guardar o seu nome, endere\u00e7o de email e site nos cookies. Isto \u00e9 para sua conveni\u00eancia para n\u00e3o ter de preencher novamente os seus dados quando deixar outro coment\u00e1rio. Estes cookies durar\u00e3o um ano. Se visitar a&hellip;&nbsp;Read More &raquo;Pol\u00edtica de privacidade\" \/>\n<meta property=\"og:url\" content=\"https:\/\/ptrelax.net\/en\/politica-de-privacidade\/\" \/>\n<meta property=\"og:site_name\" content=\"PTRELAX\" \/>\n<meta property=\"article:modified_time\" content=\"2021-12-30T13:06:25+00:00\" \/>\n<meta property=\"og:image\" content=\"https:\/\/i0.wp.com\/ptrelax.net\/wp-content\/uploads\/2021\/12\/luxury_Tech_PTRELAX-1-scaled.jpg?fit=2560%2C724&ssl=1\" \/>\n\t<meta property=\"og:image:width\" content=\"2560\" \/>\n\t<meta property=\"og:image:height\" content=\"724\" \/>\n\t<meta property=\"og:image:type\" content=\"image\/jpeg\" \/>\n<meta name=\"twitter:card\" content=\"summary_large_image\" \/>\n<meta name=\"twitter:label1\" content=\"Estimated reading time\" \/>\n\t<meta name=\"twitter:data1\" content=\"2 minutes\" \/>\n<script type=\"application\/ld+json\" class=\"yoast-schema-graph\">{\"@context\":\"https:\\\/\\\/schema.org\",\"@graph\":[{\"@type\":\"WebPage\",\"@id\":\"https:\\\/\\\/ptrelax.net\\\/politica-de-privacidade\\\/\",\"url\":\"https:\\\/\\\/ptrelax.net\\\/politica-de-privacidade\\\/\",\"name\":\"Pol\u00edtica de privacidade - PTRELAX\",\"isPartOf\":{\"@id\":\"https:\\\/\\\/ptrelax.net\\\/#website\"},\"primaryImageOfPage\":{\"@id\":\"https:\\\/\\\/ptrelax.net\\\/politica-de-privacidade\\\/#primaryimage\"},\"image\":{\"@id\":\"https:\\\/\\\/ptrelax.net\\\/politica-de-privacidade\\\/#primaryimage\"},\"thumbnailUrl\":\"https:\\\/\\\/i0.wp.com\\\/ptrelax.net\\\/wp-content\\\/uploads\\\/2021\\\/12\\\/luxury_Tech_PTRELAX-1-scaled.jpg?fit=2560%2C724&ssl=1\",\"datePublished\":\"2021-10-28T11:48:37+00:00\",\"dateModified\":\"2021-12-30T13:06:25+00:00\",\"breadcrumb\":{\"@id\":\"https:\\\/\\\/ptrelax.net\\\/politica-de-privacidade\\\/#breadcrumb\"},\"inLanguage\":\"en-GB\",\"potentialAction\":[{\"@type\":\"ReadAction\",\"target\":[\"https:\\\/\\\/ptrelax.net\\\/politica-de-privacidade\\\/\"]}]},{\"@type\":\"ImageObject\",\"inLanguage\":\"en-GB\",\"@id\":\"https:\\\/\\\/ptrelax.net\\\/politica-de-privacidade\\\/#primaryimage\",\"url\":\"https:\\\/\\\/i0.wp.com\\\/ptrelax.net\\\/wp-content\\\/uploads\\\/2021\\\/12\\\/luxury_Tech_PTRELAX-1-scaled.jpg?fit=2560%2C724&ssl=1\",\"contentUrl\":\"https:\\\/\\\/i0.wp.com\\\/ptrelax.net\\\/wp-content\\\/uploads\\\/2021\\\/12\\\/luxury_Tech_PTRELAX-1-scaled.jpg?fit=2560%2C724&ssl=1\",\"width\":2560,\"height\":724},{\"@type\":\"BreadcrumbList\",\"@id\":\"https:\\\/\\\/ptrelax.net\\\/politica-de-privacidade\\\/#breadcrumb\",\"itemListElement\":[{\"@type\":\"ListItem\",\"position\":1,\"name\":\"In\u00edcio\",\"item\":\"https:\\\/\\\/ptrelax.net\\\/\"},{\"@type\":\"ListItem\",\"position\":2,\"name\":\"Pol\u00edtica de privacidade\"}]},{\"@type\":\"WebSite\",\"@id\":\"https:\\\/\\\/ptrelax.net\\\/#website\",\"url\":\"https:\\\/\\\/ptrelax.net\\\/\",\"name\":\"PTRELAX\",\"description\":\"Pr\u00f3xima Rubrica Lda\",\"publisher\":{\"@id\":\"https:\\\/\\\/ptrelax.net\\\/#organization\"},\"potentialAction\":[{\"@type\":\"SearchAction\",\"target\":{\"@type\":\"EntryPoint\",\"urlTemplate\":\"https:\\\/\\\/ptrelax.net\\\/?s={search_term_string}\"},\"query-input\":{\"@type\":\"PropertyValueSpecification\",\"valueRequired\":true,\"valueName\":\"search_term_string\"}}],\"inLanguage\":\"en-GB\"},{\"@type\":\"Organization\",\"@id\":\"https:\\\/\\\/ptrelax.net\\\/#organization\",\"name\":\"PTRELAX - Pr\u00f3xima Rubrica\",\"url\":\"https:\\\/\\\/ptrelax.net\\\/\",\"logo\":{\"@type\":\"ImageObject\",\"inLanguage\":\"en-GB\",\"@id\":\"https:\\\/\\\/ptrelax.net\\\/#\\\/schema\\\/logo\\\/image\\\/\",\"url\":\"https:\\\/\\\/i2.wp.com\\\/ptrelax.net\\\/wp-content\\\/uploads\\\/2021\\\/12\\\/LOGO-PT-RELAX-1080x610-Blue.png?fit=1080%2C610&ssl=1\",\"contentUrl\":\"https:\\\/\\\/i2.wp.com\\\/ptrelax.net\\\/wp-content\\\/uploads\\\/2021\\\/12\\\/LOGO-PT-RELAX-1080x610-Blue.png?fit=1080%2C610&ssl=1\",\"width\":1080,\"height\":610,\"caption\":\"PTRELAX - Pr\u00f3xima Rubrica\"},\"image\":{\"@id\":\"https:\\\/\\\/ptrelax.net\\\/#\\\/schema\\\/logo\\\/image\\\/\"}}]}<\/script>\n<!-- \/ Yoast SEO plugin. -->","yoast_head_json":{"title":"Pol\u00edtica de privacidade - PTRELAX","robots":{"index":"index","follow":"follow","max-snippet":"max-snippet:-1","max-image-preview":"max-image-preview:large","max-video-preview":"max-video-preview:-1"},"canonical":"https:\/\/ptrelax.net\/en\/politica-de-privacidade\/","og_locale":"en_GB","og_type":"article","og_title":"Pol\u00edtica de privacidade - PTRELAX","og_description":"Quem somos O endere\u00e7o do nosso site \u00e9: https:\/\/ptrelax.net. Cookies Ao entrar no nosso site pode optar por guardar o seu nome, endere\u00e7o de email e site nos cookies. Isto \u00e9 para sua conveni\u00eancia para n\u00e3o ter de preencher novamente os seus dados quando deixar outro coment\u00e1rio. Estes cookies durar\u00e3o um ano. Se visitar a&hellip;&nbsp;Read More &raquo;Pol\u00edtica de privacidade","og_url":"https:\/\/ptrelax.net\/en\/politica-de-privacidade\/","og_site_name":"PTRELAX","article_modified_time":"2021-12-30T13:06:25+00:00","og_image":[{"width":2560,"height":724,"url":"https:\/\/i0.wp.com\/ptrelax.net\/wp-content\/uploads\/2021\/12\/luxury_Tech_PTRELAX-1-scaled.jpg?fit=2560%2C724&ssl=1","type":"image\/jpeg"}],"twitter_card":"summary_large_image","twitter_misc":{"Estimated reading time":"2 minutes"},"schema":{"@context":"https:\/\/schema.org","@graph":[{"@type":"WebPage","@id":"https:\/\/ptrelax.net\/politica-de-privacidade\/","url":"https:\/\/ptrelax.net\/politica-de-privacidade\/","name":"Pol\u00edtica de privacidade - PTRELAX","isPartOf":{"@id":"https:\/\/ptrelax.net\/#website"},"primaryImageOfPage":{"@id":"https:\/\/ptrelax.net\/politica-de-privacidade\/#primaryimage"},"image":{"@id":"https:\/\/ptrelax.net\/politica-de-privacidade\/#primaryimage"},"thumbnailUrl":"https:\/\/i0.wp.com\/ptrelax.net\/wp-content\/uploads\/2021\/12\/luxury_Tech_PTRELAX-1-scaled.jpg?fit=2560%2C724&ssl=1","datePublished":"2021-10-28T11:48:37+00:00","dateModified":"2021-12-30T13:06:25+00:00","breadcrumb":{"@id":"https:\/\/ptrelax.net\/politica-de-privacidade\/#breadcrumb"},"inLanguage":"en-GB","potentialAction":[{"@type":"ReadAction","target":["https:\/\/ptrelax.net\/politica-de-privacidade\/"]}]},{"@type":"ImageObject","inLanguage":"en-GB","@id":"https:\/\/ptrelax.net\/politica-de-privacidade\/#primaryimage","url":"https:\/\/i0.wp.com\/ptrelax.net\/wp-content\/uploads\/2021\/12\/luxury_Tech_PTRELAX-1-scaled.jpg?fit=2560%2C724&ssl=1","contentUrl":"https:\/\/i0.wp.com\/ptrelax.net\/wp-content\/uploads\/2021\/12\/luxury_Tech_PTRELAX-1-scaled.jpg?fit=2560%2C724&ssl=1","width":2560,"height":724},{"@type":"BreadcrumbList","@id":"https:\/\/ptrelax.net\/politica-de-privacidade\/#breadcrumb","itemListElement":[{"@type":"ListItem","position":1,"name":"In\u00edcio","item":"https:\/\/ptrelax.net\/"},{"@type":"ListItem","position":2,"name":"Pol\u00edtica de privacidade"}]},{"@type":"WebSite","@id":"https:\/\/ptrelax.net\/#website","url":"https:\/\/ptrelax.net\/","name":"PTRELAX","description":"Pr\u00f3xima Rubrica Lda","publisher":{"@id":"https:\/\/ptrelax.net\/#organization"},"potentialAction":[{"@type":"SearchAction","target":{"@type":"EntryPoint","urlTemplate":"https:\/\/ptrelax.net\/?s={search_term_string}"},"query-input":{"@type":"PropertyValueSpecification","valueRequired":true,"valueName":"search_term_string"}}],"inLanguage":"en-GB"},{"@type":"Organization","@id":"https:\/\/ptrelax.net\/#organization","name":"PTRELAX - Pr\u00f3xima Rubrica","url":"https:\/\/ptrelax.net\/","logo":{"@type":"ImageObject","inLanguage":"en-GB","@id":"https:\/\/ptrelax.net\/#\/schema\/logo\/image\/","url":"https:\/\/i2.wp.com\/ptrelax.net\/wp-content\/uploads\/2021\/12\/LOGO-PT-RELAX-1080x610-Blue.png?fit=1080%2C610&ssl=1","contentUrl":"https:\/\/i2.wp.com\/ptrelax.net\/wp-content\/uploads\/2021\/12\/LOGO-PT-RELAX-1080x610-Blue.png?fit=1080%2C610&ssl=1","width":1080,"height":610,"caption":"PTRELAX - Pr\u00f3xima Rubrica"},"image":{"@id":"https:\/\/ptrelax.net\/#\/schema\/logo\/image\/"}}]}},"jetpack-related-posts":[{"id":2837,"url":"https:\/\/ptrelax.net\/en\/rgpd\/","url_meta":{"origin":2823,"position":0},"title":"RGPD","author":"vascoarrojado","date":"28\/10\/2021","format":false,"excerpt":"RGPD - Prote\u00e7\u00e3o de Dados PTRELAX - Pr\u00f3xima R\u00fabrica Lda O Regulamento Geral de Prote\u00e7\u00e3o de Dados (RGPD), visa regular o tratamento de dados pessoais e assegurar o direito \u00e0 prote\u00e7\u00e3o de dados pessoais. Atrav\u00e9s da sua implementa\u00e7\u00e3o procura-se acautelar e estabelecer todas as garantias que permitam evitar a utiliza\u00e7\u00e3o\u2026","rel":"","context":"Similar post","block_context":{"text":"Similar post","link":""},"img":{"alt_text":"","src":"https:\/\/i0.wp.com\/ptrelax.net\/wp-content\/uploads\/2021\/12\/luxury_Tech_PTRELAX-1-scaled.jpg?fit=1200%2C339&ssl=1&resize=350%2C200","width":350,"height":200,"srcset":"https:\/\/i0.wp.com\/ptrelax.net\/wp-content\/uploads\/2021\/12\/luxury_Tech_PTRELAX-1-scaled.jpg?fit=1200%2C339&ssl=1&resize=350%2C200 1x, https:\/\/i0.wp.com\/ptrelax.net\/wp-content\/uploads\/2021\/12\/luxury_Tech_PTRELAX-1-scaled.jpg?fit=1200%2C339&ssl=1&resize=525%2C300 1.5x, https:\/\/i0.wp.com\/ptrelax.net\/wp-content\/uploads\/2021\/12\/luxury_Tech_PTRELAX-1-scaled.jpg?fit=1200%2C339&ssl=1&resize=700%2C400 2x, https:\/\/i0.wp.com\/ptrelax.net\/wp-content\/uploads\/2021\/12\/luxury_Tech_PTRELAX-1-scaled.jpg?fit=1200%2C339&ssl=1&resize=1050%2C600 3x"},"classes":[]},{"id":2827,"url":"https:\/\/ptrelax.net\/en\/condicoes-gerais-de-leilao-eletronico\/","url_meta":{"origin":2823,"position":1},"title":"Condi\u00e7\u00f5es gerais de leil\u00e3o eletr\u00f3nico","author":"vascoarrojado","date":"28\/10\/2021","format":false,"excerpt":"Compete \u00e0 PTRELAX - Pr\u00f3xima R\u00fabrica Lda garantir o regular desenvolvimento do leil\u00e3o eletr\u00f3nico, que se regula pelas seguintes condi\u00e7\u00f5es gerais de venda: A) REGISTO NO PORTAL DE LEIL\u00d5ES PTRELAX Os licitantes dever\u00e3o proceder ao registo no site da PTRELAX - Pr\u00f3xima R\u00fabrica Lda, onde devem constar todos os elementos\u2026","rel":"","context":"Similar post","block_context":{"text":"Similar post","link":""},"img":{"alt_text":"","src":"https:\/\/i0.wp.com\/ptrelax.net\/wp-content\/uploads\/2021\/12\/luxury_Tech_PTRELAX-1-scaled.jpg?fit=1200%2C339&ssl=1&resize=350%2C200","width":350,"height":200,"srcset":"https:\/\/i0.wp.com\/ptrelax.net\/wp-content\/uploads\/2021\/12\/luxury_Tech_PTRELAX-1-scaled.jpg?fit=1200%2C339&ssl=1&resize=350%2C200 1x, https:\/\/i0.wp.com\/ptrelax.net\/wp-content\/uploads\/2021\/12\/luxury_Tech_PTRELAX-1-scaled.jpg?fit=1200%2C339&ssl=1&resize=525%2C300 1.5x, https:\/\/i0.wp.com\/ptrelax.net\/wp-content\/uploads\/2021\/12\/luxury_Tech_PTRELAX-1-scaled.jpg?fit=1200%2C339&ssl=1&resize=700%2C400 2x, https:\/\/i0.wp.com\/ptrelax.net\/wp-content\/uploads\/2021\/12\/luxury_Tech_PTRELAX-1-scaled.jpg?fit=1200%2C339&ssl=1&resize=1050%2C600 3x"},"classes":[]}],"jetpack_sharing_enabled":true,"_links":{"self":[{"href":"https:\/\/ptrelax.net\/en\/wp-json\/wp\/v2\/pages\/2823","targetHints":{"allow":["GET"]}}],"collection":[{"href":"https:\/\/ptrelax.net\/en\/wp-json\/wp\/v2\/pages"}],"about":[{"href":"https:\/\/ptrelax.net\/en\/wp-json\/wp\/v2\/types\/page"}],"author":[{"embeddable":true,"href":"https:\/\/ptrelax.net\/en\/wp-json\/wp\/v2\/users\/1"}],"replies":[{"embeddable":true,"href":"https:\/\/ptrelax.net\/en\/wp-json\/wp\/v2\/comments?post=2823"}],"version-history":[{"count":0,"href":"https:\/\/ptrelax.net\/en\/wp-json\/wp\/v2\/pages\/2823\/revisions"}],"wp:featuredmedia":[{"embeddable":true,"href":"https:\/\/ptrelax.net\/en\/wp-json\/wp\/v2\/media\/3018"}],"wp:attachment":[{"href":"https:\/\/ptrelax.net\/en\/wp-json\/wp\/v2\/media?parent=2823"}],"curies":[{"name":"wp","href":"https:\/\/api.w.org\/{rel}","templated":true}]}}