{"id":2837,"date":"2021-10-28T15:49:12","date_gmt":"2021-10-28T14:49:12","guid":{"rendered":"https:\/\/ptrelax.net\/?page_id=2837"},"modified":"2021-12-30T13:03:59","modified_gmt":"2021-12-30T13:03:59","slug":"rgpd","status":"publish","type":"page","link":"https:\/\/ptrelax.net\/en\/rgpd\/","title":{"rendered":"RGPD"},"content":{"rendered":"<p><strong>RGPD &#8211; Prote\u00e7\u00e3o de Dados PTRELAX &#8211; Pr\u00f3xima R\u00fabrica Lda<\/strong><\/p>\n\n\n\n<p>O Regulamento Geral de Prote\u00e7\u00e3o de Dados (RGPD), visa regular o tratamento de dados pessoais e assegurar o direito \u00e0 prote\u00e7\u00e3o de dados pessoais. Atrav\u00e9s da sua implementa\u00e7\u00e3o procura-se acautelar e estabelecer todas as garantias que permitam evitar a utiliza\u00e7\u00e3o indevida dos seus dados pessoais, conferindo-lhe todos os mecanismos necess\u00e1rios ao seu controlo. Aplica-se a quem proceda ao tratamento de dados pessoais de titulares na Uni\u00e3o Europeia (clientes e colaboradores). Todas as empresas e organismos devem tomar medidas para preservar e assegurar a seguran\u00e7a dos dados que processam. A supervis\u00e3o da implementa\u00e7\u00e3o do RGPD ser\u00e1 efetuada, em Portugal, pela CNPD (Comiss\u00e3o Nacional de Prote\u00e7\u00e3o de Dados), que assumir\u00e1 as fun\u00e7\u00f5es de Autoridade de Controlo.<\/p>\n\n\n\n<p><strong>O nosso compromisso<\/strong><\/p>\n\n\n\n<p>Como Respons\u00e1vel pelo Tratamento dos Dados, a PTRELAX- Pr\u00f3xima R\u00fabrica Lda compromete-se a recolher apenas os dados estritamente necess\u00e1rios \u00e0 presta\u00e7\u00e3o do servi\u00e7o; a n\u00e3o utilizar estes para outros fins que n\u00e3o tenham sido consentidos pelo respetivo titular; a guardar os dados pelo per\u00edodo necess\u00e1rio \u00e0 presta\u00e7\u00e3o do servi\u00e7o; a n\u00e3o transferir estes dados para terceiros que n\u00e3o os subcontratantes definidos; e a assegurar a seguran\u00e7a dos dados.<\/p>\n\n\n\n<p><strong>O seu compromisso<\/strong><\/p>\n\n\n\n<p>Pretendemos, continuar a ser transparentes e claros quanto aos nossos servi\u00e7os, pre\u00e7os, e informa\u00e7\u00f5es de interesse disponibilizadas. Tendo em conta o nosso compromisso e caso pretenda a receber comunica\u00e7\u00f5es PTRELAX, para que esteja a par das nossas novidades e possa usufruir ao m\u00e1ximo dos nossos servi\u00e7os, iremos precisar do seu consentimento. Prometemos n\u00e3o fazer \u201cspam\u201d e disponibilizar sempre a informa\u00e7\u00e3o relevante para a sua empresa, \u00e0 luz do Regulamento Geral de Prote\u00e7\u00e3o de Dados e dos princ\u00edpios e \u00e9tica da nossa equipa.<\/p>\n\n\n\n<p><strong>Portabilidade<\/strong><\/p>\n\n\n\n<p>Remetemos num ficheiro, ao titular que nos solicite, os dados pessoais de que dispomos sobre o mesmo, &#8220;num formato estruturado, de uso corrente e de leitura autom\u00e1tica&#8221;, podendo assim consultar ou exportar os dados para associar a um outro servi\u00e7o.<\/p>\n\n\n\n<p><strong>Direito ao Esquecimento<\/strong><\/p>\n\n\n\n<p>Poder\u00e1, a qualquer momento, eliminar a sua conta PTRELAX, perdendo, no entanto, o acesso \u00e0 mesma. A equipa da PTRELAX compromete-se a n\u00e3o efetuar quaisquer comunica\u00e7\u00f5es a partir desse momento. Todavia, ser\u00e3o armazenados pelo per\u00edodo legalmente definido os dados estritamente necess\u00e1rios para o cumprimento das obriga\u00e7\u00f5es perante a Autoridade Tribut\u00e1ria.<\/p>\n\n\n\n<p><strong><a href=\"https:\/\/www.cnpd.pt\/bin\/rgpd\/rgpd.htm\">Espa\u00e7o RGPD<\/a><\/strong>&nbsp;disponibilizado pela CNPD (Comiss\u00e3o Nacional de Prote\u00e7\u00e3o de Dados)<\/p>","protected":false},"excerpt":{"rendered":"<p>RGPD &#8211; Prote\u00e7\u00e3o de Dados PTRELAX &#8211; Pr\u00f3xima R\u00fabrica Lda O Regulamento Geral de Prote\u00e7\u00e3o de Dados (RGPD), visa regular o tratamento de dados pessoais e assegurar o direito \u00e0 prote\u00e7\u00e3o de dados pessoais. Atrav\u00e9s da sua implementa\u00e7\u00e3o procura-se acautelar e estabelecer todas as garantias que permitam evitar a utiliza\u00e7\u00e3o indevida dos seus dados pessoais,&hellip;&nbsp;<a href=\"https:\/\/ptrelax.net\/en\/rgpd\/\" rel=\"bookmark\">Read More &raquo;<span class=\"screen-reader-text\">RGPD<\/span><\/a><\/p>","protected":false},"author":1,"featured_media":3018,"parent":0,"menu_order":0,"comment_status":"closed","ping_status":"closed","template":"","meta":{"nf_dc_page":"","om_disable_all_campaigns":false,"_monsterinsights_skip_tracking":false,"_monsterinsights_sitenote_active":false,"_monsterinsights_sitenote_note":"","_monsterinsights_sitenote_category":0,"neve_meta_sidebar":"","neve_meta_container":"","neve_meta_enable_content_width":"","neve_meta_content_width":0,"neve_meta_title_alignment":"","neve_meta_author_avatar":"","neve_post_elements_order":"","neve_meta_disable_header":"","neve_meta_disable_footer":"","neve_meta_disable_title":"","_themeisle_gutenberg_block_has_review":false,"footnotes":""},"class_list":["post-2837","page","type-page","status-publish","has-post-thumbnail","hentry"],"yoast_head":"<!-- This site is optimized with the Yoast SEO plugin v27.6 - https:\/\/yoast.com\/product\/yoast-seo-wordpress\/ -->\n<title>RGPD - PTRELAX<\/title>\n<meta name=\"robots\" content=\"index, follow, max-snippet:-1, max-image-preview:large, max-video-preview:-1\" \/>\n<link rel=\"canonical\" href=\"https:\/\/ptrelax.net\/en\/rgpd\/\" \/>\n<meta property=\"og:locale\" content=\"en_GB\" \/>\n<meta property=\"og:type\" content=\"article\" \/>\n<meta property=\"og:title\" content=\"RGPD - PTRELAX\" \/>\n<meta property=\"og:description\" content=\"RGPD &#8211; Prote\u00e7\u00e3o de Dados PTRELAX &#8211; Pr\u00f3xima R\u00fabrica Lda O Regulamento Geral de Prote\u00e7\u00e3o de Dados (RGPD), visa regular o tratamento de dados pessoais e assegurar o direito \u00e0 prote\u00e7\u00e3o de dados pessoais. Atrav\u00e9s da sua implementa\u00e7\u00e3o procura-se acautelar e estabelecer todas as garantias que permitam evitar a utiliza\u00e7\u00e3o indevida dos seus dados pessoais,&hellip;&nbsp;Read More &raquo;RGPD\" \/>\n<meta property=\"og:url\" content=\"https:\/\/ptrelax.net\/en\/rgpd\/\" \/>\n<meta property=\"og:site_name\" content=\"PTRELAX\" \/>\n<meta property=\"article:modified_time\" content=\"2021-12-30T13:03:59+00:00\" \/>\n<meta property=\"og:image\" content=\"https:\/\/i0.wp.com\/ptrelax.net\/wp-content\/uploads\/2021\/12\/luxury_Tech_PTRELAX-1-scaled.jpg?fit=2560%2C724&ssl=1\" \/>\n\t<meta property=\"og:image:width\" content=\"2560\" \/>\n\t<meta property=\"og:image:height\" content=\"724\" \/>\n\t<meta property=\"og:image:type\" content=\"image\/jpeg\" \/>\n<meta name=\"twitter:card\" content=\"summary_large_image\" \/>\n<meta name=\"twitter:label1\" content=\"Estimated reading time\" \/>\n\t<meta name=\"twitter:data1\" content=\"3 minutes\" \/>\n<script type=\"application\/ld+json\" class=\"yoast-schema-graph\">{\"@context\":\"https:\\\/\\\/schema.org\",\"@graph\":[{\"@type\":\"WebPage\",\"@id\":\"https:\\\/\\\/ptrelax.net\\\/rgpd\\\/\",\"url\":\"https:\\\/\\\/ptrelax.net\\\/rgpd\\\/\",\"name\":\"RGPD - PTRELAX\",\"isPartOf\":{\"@id\":\"https:\\\/\\\/ptrelax.net\\\/#website\"},\"primaryImageOfPage\":{\"@id\":\"https:\\\/\\\/ptrelax.net\\\/rgpd\\\/#primaryimage\"},\"image\":{\"@id\":\"https:\\\/\\\/ptrelax.net\\\/rgpd\\\/#primaryimage\"},\"thumbnailUrl\":\"https:\\\/\\\/i0.wp.com\\\/ptrelax.net\\\/wp-content\\\/uploads\\\/2021\\\/12\\\/luxury_Tech_PTRELAX-1-scaled.jpg?fit=2560%2C724&ssl=1\",\"datePublished\":\"2021-10-28T14:49:12+00:00\",\"dateModified\":\"2021-12-30T13:03:59+00:00\",\"breadcrumb\":{\"@id\":\"https:\\\/\\\/ptrelax.net\\\/rgpd\\\/#breadcrumb\"},\"inLanguage\":\"en-GB\",\"potentialAction\":[{\"@type\":\"ReadAction\",\"target\":[\"https:\\\/\\\/ptrelax.net\\\/rgpd\\\/\"]}]},{\"@type\":\"ImageObject\",\"inLanguage\":\"en-GB\",\"@id\":\"https:\\\/\\\/ptrelax.net\\\/rgpd\\\/#primaryimage\",\"url\":\"https:\\\/\\\/i0.wp.com\\\/ptrelax.net\\\/wp-content\\\/uploads\\\/2021\\\/12\\\/luxury_Tech_PTRELAX-1-scaled.jpg?fit=2560%2C724&ssl=1\",\"contentUrl\":\"https:\\\/\\\/i0.wp.com\\\/ptrelax.net\\\/wp-content\\\/uploads\\\/2021\\\/12\\\/luxury_Tech_PTRELAX-1-scaled.jpg?fit=2560%2C724&ssl=1\",\"width\":2560,\"height\":724},{\"@type\":\"BreadcrumbList\",\"@id\":\"https:\\\/\\\/ptrelax.net\\\/rgpd\\\/#breadcrumb\",\"itemListElement\":[{\"@type\":\"ListItem\",\"position\":1,\"name\":\"In\u00edcio\",\"item\":\"https:\\\/\\\/ptrelax.net\\\/\"},{\"@type\":\"ListItem\",\"position\":2,\"name\":\"RGPD\"}]},{\"@type\":\"WebSite\",\"@id\":\"https:\\\/\\\/ptrelax.net\\\/#website\",\"url\":\"https:\\\/\\\/ptrelax.net\\\/\",\"name\":\"PTRELAX\",\"description\":\"Pr\u00f3xima Rubrica Lda\",\"publisher\":{\"@id\":\"https:\\\/\\\/ptrelax.net\\\/#organization\"},\"potentialAction\":[{\"@type\":\"SearchAction\",\"target\":{\"@type\":\"EntryPoint\",\"urlTemplate\":\"https:\\\/\\\/ptrelax.net\\\/?s={search_term_string}\"},\"query-input\":{\"@type\":\"PropertyValueSpecification\",\"valueRequired\":true,\"valueName\":\"search_term_string\"}}],\"inLanguage\":\"en-GB\"},{\"@type\":\"Organization\",\"@id\":\"https:\\\/\\\/ptrelax.net\\\/#organization\",\"name\":\"PTRELAX - Pr\u00f3xima Rubrica\",\"url\":\"https:\\\/\\\/ptrelax.net\\\/\",\"logo\":{\"@type\":\"ImageObject\",\"inLanguage\":\"en-GB\",\"@id\":\"https:\\\/\\\/ptrelax.net\\\/#\\\/schema\\\/logo\\\/image\\\/\",\"url\":\"https:\\\/\\\/i2.wp.com\\\/ptrelax.net\\\/wp-content\\\/uploads\\\/2021\\\/12\\\/LOGO-PT-RELAX-1080x610-Blue.png?fit=1080%2C610&ssl=1\",\"contentUrl\":\"https:\\\/\\\/i2.wp.com\\\/ptrelax.net\\\/wp-content\\\/uploads\\\/2021\\\/12\\\/LOGO-PT-RELAX-1080x610-Blue.png?fit=1080%2C610&ssl=1\",\"width\":1080,\"height\":610,\"caption\":\"PTRELAX - Pr\u00f3xima Rubrica\"},\"image\":{\"@id\":\"https:\\\/\\\/ptrelax.net\\\/#\\\/schema\\\/logo\\\/image\\\/\"}}]}<\/script>\n<!-- \/ Yoast SEO plugin. -->","yoast_head_json":{"title":"RGPD - PTRELAX","robots":{"index":"index","follow":"follow","max-snippet":"max-snippet:-1","max-image-preview":"max-image-preview:large","max-video-preview":"max-video-preview:-1"},"canonical":"https:\/\/ptrelax.net\/en\/rgpd\/","og_locale":"en_GB","og_type":"article","og_title":"RGPD - PTRELAX","og_description":"RGPD &#8211; Prote\u00e7\u00e3o de Dados PTRELAX &#8211; Pr\u00f3xima R\u00fabrica Lda O Regulamento Geral de Prote\u00e7\u00e3o de Dados (RGPD), visa regular o tratamento de dados pessoais e assegurar o direito \u00e0 prote\u00e7\u00e3o de dados pessoais. Atrav\u00e9s da sua implementa\u00e7\u00e3o procura-se acautelar e estabelecer todas as garantias que permitam evitar a utiliza\u00e7\u00e3o indevida dos seus dados pessoais,&hellip;&nbsp;Read More &raquo;RGPD","og_url":"https:\/\/ptrelax.net\/en\/rgpd\/","og_site_name":"PTRELAX","article_modified_time":"2021-12-30T13:03:59+00:00","og_image":[{"width":2560,"height":724,"url":"https:\/\/i0.wp.com\/ptrelax.net\/wp-content\/uploads\/2021\/12\/luxury_Tech_PTRELAX-1-scaled.jpg?fit=2560%2C724&ssl=1","type":"image\/jpeg"}],"twitter_card":"summary_large_image","twitter_misc":{"Estimated reading time":"3 minutes"},"schema":{"@context":"https:\/\/schema.org","@graph":[{"@type":"WebPage","@id":"https:\/\/ptrelax.net\/rgpd\/","url":"https:\/\/ptrelax.net\/rgpd\/","name":"RGPD - PTRELAX","isPartOf":{"@id":"https:\/\/ptrelax.net\/#website"},"primaryImageOfPage":{"@id":"https:\/\/ptrelax.net\/rgpd\/#primaryimage"},"image":{"@id":"https:\/\/ptrelax.net\/rgpd\/#primaryimage"},"thumbnailUrl":"https:\/\/i0.wp.com\/ptrelax.net\/wp-content\/uploads\/2021\/12\/luxury_Tech_PTRELAX-1-scaled.jpg?fit=2560%2C724&ssl=1","datePublished":"2021-10-28T14:49:12+00:00","dateModified":"2021-12-30T13:03:59+00:00","breadcrumb":{"@id":"https:\/\/ptrelax.net\/rgpd\/#breadcrumb"},"inLanguage":"en-GB","potentialAction":[{"@type":"ReadAction","target":["https:\/\/ptrelax.net\/rgpd\/"]}]},{"@type":"ImageObject","inLanguage":"en-GB","@id":"https:\/\/ptrelax.net\/rgpd\/#primaryimage","url":"https:\/\/i0.wp.com\/ptrelax.net\/wp-content\/uploads\/2021\/12\/luxury_Tech_PTRELAX-1-scaled.jpg?fit=2560%2C724&ssl=1","contentUrl":"https:\/\/i0.wp.com\/ptrelax.net\/wp-content\/uploads\/2021\/12\/luxury_Tech_PTRELAX-1-scaled.jpg?fit=2560%2C724&ssl=1","width":2560,"height":724},{"@type":"BreadcrumbList","@id":"https:\/\/ptrelax.net\/rgpd\/#breadcrumb","itemListElement":[{"@type":"ListItem","position":1,"name":"In\u00edcio","item":"https:\/\/ptrelax.net\/"},{"@type":"ListItem","position":2,"name":"RGPD"}]},{"@type":"WebSite","@id":"https:\/\/ptrelax.net\/#website","url":"https:\/\/ptrelax.net\/","name":"PTRELAX","description":"Pr\u00f3xima Rubrica Lda","publisher":{"@id":"https:\/\/ptrelax.net\/#organization"},"potentialAction":[{"@type":"SearchAction","target":{"@type":"EntryPoint","urlTemplate":"https:\/\/ptrelax.net\/?s={search_term_string}"},"query-input":{"@type":"PropertyValueSpecification","valueRequired":true,"valueName":"search_term_string"}}],"inLanguage":"en-GB"},{"@type":"Organization","@id":"https:\/\/ptrelax.net\/#organization","name":"PTRELAX - Pr\u00f3xima Rubrica","url":"https:\/\/ptrelax.net\/","logo":{"@type":"ImageObject","inLanguage":"en-GB","@id":"https:\/\/ptrelax.net\/#\/schema\/logo\/image\/","url":"https:\/\/i2.wp.com\/ptrelax.net\/wp-content\/uploads\/2021\/12\/LOGO-PT-RELAX-1080x610-Blue.png?fit=1080%2C610&ssl=1","contentUrl":"https:\/\/i2.wp.com\/ptrelax.net\/wp-content\/uploads\/2021\/12\/LOGO-PT-RELAX-1080x610-Blue.png?fit=1080%2C610&ssl=1","width":1080,"height":610,"caption":"PTRELAX - Pr\u00f3xima Rubrica"},"image":{"@id":"https:\/\/ptrelax.net\/#\/schema\/logo\/image\/"}}]}},"jetpack-related-posts":[{"id":2827,"url":"https:\/\/ptrelax.net\/en\/condicoes-gerais-de-leilao-eletronico\/","url_meta":{"origin":2837,"position":0},"title":"Condi\u00e7\u00f5es gerais de leil\u00e3o eletr\u00f3nico","author":"vascoarrojado","date":"28\/10\/2021","format":false,"excerpt":"Compete \u00e0 PTRELAX - Pr\u00f3xima R\u00fabrica Lda garantir o regular desenvolvimento do leil\u00e3o eletr\u00f3nico, que se regula pelas seguintes condi\u00e7\u00f5es gerais de venda: A) REGISTO NO PORTAL DE LEIL\u00d5ES PTRELAX Os licitantes dever\u00e3o proceder ao registo no site da PTRELAX - Pr\u00f3xima R\u00fabrica Lda, onde devem constar todos os elementos\u2026","rel":"","context":"Similar post","block_context":{"text":"Similar post","link":""},"img":{"alt_text":"","src":"https:\/\/i0.wp.com\/ptrelax.net\/wp-content\/uploads\/2021\/12\/luxury_Tech_PTRELAX-1-scaled.jpg?fit=1200%2C339&ssl=1&resize=350%2C200","width":350,"height":200,"srcset":"https:\/\/i0.wp.com\/ptrelax.net\/wp-content\/uploads\/2021\/12\/luxury_Tech_PTRELAX-1-scaled.jpg?fit=1200%2C339&ssl=1&resize=350%2C200 1x, https:\/\/i0.wp.com\/ptrelax.net\/wp-content\/uploads\/2021\/12\/luxury_Tech_PTRELAX-1-scaled.jpg?fit=1200%2C339&ssl=1&resize=525%2C300 1.5x, https:\/\/i0.wp.com\/ptrelax.net\/wp-content\/uploads\/2021\/12\/luxury_Tech_PTRELAX-1-scaled.jpg?fit=1200%2C339&ssl=1&resize=700%2C400 2x, https:\/\/i0.wp.com\/ptrelax.net\/wp-content\/uploads\/2021\/12\/luxury_Tech_PTRELAX-1-scaled.jpg?fit=1200%2C339&ssl=1&resize=1050%2C600 3x"},"classes":[]},{"id":2823,"url":"https:\/\/ptrelax.net\/en\/politica-de-privacidade\/","url_meta":{"origin":2837,"position":1},"title":"Pol\u00edtica de privacidade","author":"vascoarrojado","date":"28\/10\/2021","format":false,"excerpt":"Quem somos O endere\u00e7o do nosso site \u00e9: https:\/\/ptrelax.net. Cookies Ao entrar no nosso site pode optar por guardar o seu nome, endere\u00e7o de email e site nos cookies. Isto \u00e9 para sua conveni\u00eancia para n\u00e3o ter de preencher novamente os seus dados quando deixar outro coment\u00e1rio. Estes cookies durar\u00e3o\u2026","rel":"","context":"Similar post","block_context":{"text":"Similar post","link":""},"img":{"alt_text":"","src":"https:\/\/i0.wp.com\/ptrelax.net\/wp-content\/uploads\/2021\/12\/luxury_Tech_PTRELAX-1-scaled.jpg?fit=1200%2C339&ssl=1&resize=350%2C200","width":350,"height":200,"srcset":"https:\/\/i0.wp.com\/ptrelax.net\/wp-content\/uploads\/2021\/12\/luxury_Tech_PTRELAX-1-scaled.jpg?fit=1200%2C339&ssl=1&resize=350%2C200 1x, https:\/\/i0.wp.com\/ptrelax.net\/wp-content\/uploads\/2021\/12\/luxury_Tech_PTRELAX-1-scaled.jpg?fit=1200%2C339&ssl=1&resize=525%2C300 1.5x, https:\/\/i0.wp.com\/ptrelax.net\/wp-content\/uploads\/2021\/12\/luxury_Tech_PTRELAX-1-scaled.jpg?fit=1200%2C339&ssl=1&resize=700%2C400 2x, https:\/\/i0.wp.com\/ptrelax.net\/wp-content\/uploads\/2021\/12\/luxury_Tech_PTRELAX-1-scaled.jpg?fit=1200%2C339&ssl=1&resize=1050%2C600 3x"},"classes":[]},{"id":281,"url":"https:\/\/ptrelax.net\/en\/52e3e-about\/","url_meta":{"origin":2837,"position":2},"title":"Sobre","author":"vascoarrojado","date":"10\/09\/2020","format":false,"excerpt":"ptrelax - pr\u00f3xima r\u00fabrica Somos uma empresa de presta\u00e7\u00e3o de servi\u00e7os, especializada na aliena\u00e7\u00e3o de ativos m\u00f3veis e im\u00f3veis, decorrentes de processos de insolv\u00eancia, excedente de stock, encerramento de atividade ou desinvestimento, atrav\u00e9s das modalidades de venda estabelecidas no regime jur\u00eddico do processo executivo, mais especificamente atrav\u00e9s da venda direta,\u2026","rel":"","context":"Similar post","block_context":{"text":"Similar post","link":""},"img":{"alt_text":"","src":"https:\/\/i0.wp.com\/ptrelax.net\/wp-content\/uploads\/2021\/12\/luxury_Tech_PTRELAX-1-scaled.jpg?fit=1200%2C339&ssl=1&resize=350%2C200","width":350,"height":200,"srcset":"https:\/\/i0.wp.com\/ptrelax.net\/wp-content\/uploads\/2021\/12\/luxury_Tech_PTRELAX-1-scaled.jpg?fit=1200%2C339&ssl=1&resize=350%2C200 1x, https:\/\/i0.wp.com\/ptrelax.net\/wp-content\/uploads\/2021\/12\/luxury_Tech_PTRELAX-1-scaled.jpg?fit=1200%2C339&ssl=1&resize=525%2C300 1.5x, https:\/\/i0.wp.com\/ptrelax.net\/wp-content\/uploads\/2021\/12\/luxury_Tech_PTRELAX-1-scaled.jpg?fit=1200%2C339&ssl=1&resize=700%2C400 2x, https:\/\/i0.wp.com\/ptrelax.net\/wp-content\/uploads\/2021\/12\/luxury_Tech_PTRELAX-1-scaled.jpg?fit=1200%2C339&ssl=1&resize=1050%2C600 3x"},"classes":[]},{"id":2786,"url":"https:\/\/ptrelax.net\/en\/todos-os-produtos\/","url_meta":{"origin":2837,"position":3},"title":"Todos os produtos","author":"vascoarrojado","date":"27\/10\/2021","format":false,"excerpt":"","rel":"","context":"Similar post","block_context":{"text":"Similar post","link":""},"img":{"alt_text":"","src":"https:\/\/i0.wp.com\/ptrelax.net\/wp-content\/uploads\/2021\/12\/luxury_Tech_PTRELAX-1-scaled.jpg?fit=1200%2C339&ssl=1&resize=350%2C200","width":350,"height":200,"srcset":"https:\/\/i0.wp.com\/ptrelax.net\/wp-content\/uploads\/2021\/12\/luxury_Tech_PTRELAX-1-scaled.jpg?fit=1200%2C339&ssl=1&resize=350%2C200 1x, https:\/\/i0.wp.com\/ptrelax.net\/wp-content\/uploads\/2021\/12\/luxury_Tech_PTRELAX-1-scaled.jpg?fit=1200%2C339&ssl=1&resize=525%2C300 1.5x, https:\/\/i0.wp.com\/ptrelax.net\/wp-content\/uploads\/2021\/12\/luxury_Tech_PTRELAX-1-scaled.jpg?fit=1200%2C339&ssl=1&resize=700%2C400 2x, https:\/\/i0.wp.com\/ptrelax.net\/wp-content\/uploads\/2021\/12\/luxury_Tech_PTRELAX-1-scaled.jpg?fit=1200%2C339&ssl=1&resize=1050%2C600 3x"},"classes":[]},{"id":3015,"url":"https:\/\/ptrelax.net\/en\/","url_meta":{"origin":2837,"position":4},"title":"PTRELAX","author":"vascoarrojado","date":"21\/12\/2021","format":false,"excerpt":"TODAS AS VENDAS LEIL\u00c3O ELETR\u00d3NICO LEIL\u00c3O PRESENCIAL CARTA FECHADA NEGOCIA\u00c7\u00c3O IM\u00d3VEIS MOBILI\u00c1RIO VE\u00cdCULOS TECNOLOGIA DIREITOS EQUIPAMENTOS E se uma oportunidade pudesse mudar a sua vida?Marie Forleo https:\/\/videopress.com\/v\/WNiizkcy?resizeToParent=true&cover=true&autoPlay=true&loop=true&muted=true&persistVolume=false&playsinline=true&preloadContent=auto&useAverageColor=true PTRELAX - O SEU PARCEIRO DE NEG\u00d3CIOS V\u00c1RIOS SERVI\u00c7OS Substitui\u00e7\u00e3o de fechaduras Limpezas Armazenamento \u00c0 DIST\u00c2NCIA DE UM CLIQUE Leil\u00f5es Negocia\u00e7\u00e3o particular APOIO\u2026","rel":"","context":"Similar post","block_context":{"text":"Similar post","link":""},"img":{"alt_text":"","src":"https:\/\/i0.wp.com\/ptrelax.net\/wp-content\/uploads\/2022\/03\/Todas-as-Vendas.png?resize=350%2C200&ssl=1","width":350,"height":200,"srcset":"https:\/\/i0.wp.com\/ptrelax.net\/wp-content\/uploads\/2022\/03\/Todas-as-Vendas.png?resize=350%2C200&ssl=1 1x, https:\/\/i0.wp.com\/ptrelax.net\/wp-content\/uploads\/2022\/03\/Todas-as-Vendas.png?resize=525%2C300&ssl=1 1.5x, https:\/\/i0.wp.com\/ptrelax.net\/wp-content\/uploads\/2022\/03\/Todas-as-Vendas.png?resize=700%2C400&ssl=1 2x"},"classes":[]},{"id":2894,"url":"https:\/\/ptrelax.net\/en\/refund_returns\/","url_meta":{"origin":2837,"position":5},"title":"Refund and Returns Policy","author":"vascoarrojado","date":"30\/12\/2021","format":false,"excerpt":"This is a sample page. Overview Our refund and returns policy lasts 30 days. If 30 days have passed since your purchase, we can\u2019t offer you a full refund or exchange. To be eligible for a return, your item must be unused and in the same condition that you received\u2026","rel":"","context":"Similar post","block_context":{"text":"Similar post","link":""},"img":{"alt_text":"","src":"https:\/\/i0.wp.com\/ptrelax.net\/wp-content\/uploads\/2021\/12\/luxury_Tech_PTRELAX-1-scaled.jpg?fit=1200%2C339&ssl=1&resize=350%2C200","width":350,"height":200,"srcset":"https:\/\/i0.wp.com\/ptrelax.net\/wp-content\/uploads\/2021\/12\/luxury_Tech_PTRELAX-1-scaled.jpg?fit=1200%2C339&ssl=1&resize=350%2C200 1x, https:\/\/i0.wp.com\/ptrelax.net\/wp-content\/uploads\/2021\/12\/luxury_Tech_PTRELAX-1-scaled.jpg?fit=1200%2C339&ssl=1&resize=525%2C300 1.5x, https:\/\/i0.wp.com\/ptrelax.net\/wp-content\/uploads\/2021\/12\/luxury_Tech_PTRELAX-1-scaled.jpg?fit=1200%2C339&ssl=1&resize=700%2C400 2x, https:\/\/i0.wp.com\/ptrelax.net\/wp-content\/uploads\/2021\/12\/luxury_Tech_PTRELAX-1-scaled.jpg?fit=1200%2C339&ssl=1&resize=1050%2C600 3x"},"classes":[]}],"jetpack_sharing_enabled":true,"_links":{"self":[{"href":"https:\/\/ptrelax.net\/en\/wp-json\/wp\/v2\/pages\/2837","targetHints":{"allow":["GET"]}}],"collection":[{"href":"https:\/\/ptrelax.net\/en\/wp-json\/wp\/v2\/pages"}],"about":[{"href":"https:\/\/ptrelax.net\/en\/wp-json\/wp\/v2\/types\/page"}],"author":[{"embeddable":true,"href":"https:\/\/ptrelax.net\/en\/wp-json\/wp\/v2\/users\/1"}],"replies":[{"embeddable":true,"href":"https:\/\/ptrelax.net\/en\/wp-json\/wp\/v2\/comments?post=2837"}],"version-history":[{"count":0,"href":"https:\/\/ptrelax.net\/en\/wp-json\/wp\/v2\/pages\/2837\/revisions"}],"wp:featuredmedia":[{"embeddable":true,"href":"https:\/\/ptrelax.net\/en\/wp-json\/wp\/v2\/media\/3018"}],"wp:attachment":[{"href":"https:\/\/ptrelax.net\/en\/wp-json\/wp\/v2\/media?parent=2837"}],"curies":[{"name":"wp","href":"https:\/\/api.w.org\/{rel}","templated":true}]}}