{"id":3413,"date":"2022-02-04T15:42:40","date_gmt":"2022-02-04T15:42:40","guid":{"rendered":"https:\/\/ptrelax.net\/?page_id=3413"},"modified":"2024-02-25T14:18:56","modified_gmt":"2024-02-25T14:18:56","slug":"registar","status":"publish","type":"page","link":"https:\/\/ptrelax.net\/en\/registar\/","title":{"rendered":"Registar"},"content":{"rendered":"<div data-elementor-type=\"wp-page\" data-elementor-id=\"3413\" class=\"elementor elementor-3413\" wpc-filter-elementor-widget=\"1\">\n\t\t\t\t\t\t<section class=\"elementor-section elementor-top-section elementor-element elementor-element-51a3e99 elementor-section-boxed elementor-section-height-default elementor-section-height-default\" data-id=\"51a3e99\" data-element_type=\"section\" data-e-type=\"section\">\n\t\t\t\t\t\t<div class=\"elementor-container elementor-column-gap-default\">\n\t\t\t\t\t<div class=\"elementor-column elementor-col-100 elementor-top-column elementor-element elementor-element-a7549f5\" data-id=\"a7549f5\" data-element_type=\"column\" data-e-type=\"column\">\n\t\t\t<div class=\"elementor-widget-wrap elementor-element-populated\">\n\t\t\t\t\t\t<div class=\"elementor-element elementor-element-f4bedd2 elementor-widget elementor-widget-spacer\" data-id=\"f4bedd2\" data-element_type=\"widget\" data-e-type=\"widget\" data-widget_type=\"spacer.default\">\n\t\t\t\t<div class=\"elementor-widget-container\">\n\t\t\t\t\t\t\t<div class=\"elementor-spacer\">\n\t\t\t<div class=\"elementor-spacer-inner\"><\/div>\n\t\t<\/div>\n\t\t\t\t\t\t<\/div>\n\t\t\t\t<\/div>\n\t\t\t\t\t<\/div>\n\t\t<\/div>\n\t\t\t\t\t<\/div>\n\t\t<\/section>\n\t\t\t\t<section class=\"elementor-section elementor-top-section elementor-element elementor-element-d20ef06 elementor-section-boxed elementor-section-height-default elementor-section-height-default\" data-id=\"d20ef06\" data-element_type=\"section\" data-e-type=\"section\">\n\t\t\t\t\t\t<div class=\"elementor-container elementor-column-gap-default\">\n\t\t\t\t\t<div class=\"elementor-column elementor-col-100 elementor-top-column elementor-element elementor-element-7ac5e37\" data-id=\"7ac5e37\" data-element_type=\"column\" data-e-type=\"column\">\n\t\t\t<div class=\"elementor-widget-wrap elementor-element-populated\">\n\t\t\t\t\t\t<div class=\"elementor-element elementor-element-1fd0e7b elementor-widget elementor-widget-shortcode\" data-id=\"1fd0e7b\" data-element_type=\"widget\" data-e-type=\"widget\" data-widget_type=\"shortcode.default\">\n\t\t\t\t<div class=\"elementor-widget-container\">\n\t\t\t\t\t\t\t<div class=\"elementor-shortcode\"> <div class=\"registration-form woocommerce\">\r\n\r\n\t\r\n\t<h2>Register<\/h2>\r\n\r\n\t<form method=\"post\" class=\"register\" action=\"\">\r\n\r\n\t\t\t\t<p class=\"woocommerce-FormRow woocommerce-FormRow--first form-row form-row-first\">\r\n\t\t\t<label for=\"reg_sr_firstname\">First Name <span class=\"required\">*<\/span><\/label>\r\n\t\t\t<input type=\"text\" class=\"woocommerce-Input woocommerce-Input--text input-text\" name=\"sr_firstname\" id=\"reg_sr_firstname\" value=\"\"  required>\r\n\t\t<\/p>\r\n\r\n\t\t<p class=\"woocommerce-FormRow woocommerce-FormRow--last form-row form-row-last\">\r\n\t\t\t<label for=\"reg_sr_lastname\">Last Name <span class=\"required\">*<\/span><\/label>\r\n\t\t\t<input type=\"text\" class=\"woocommerce-Input woocommerce-Input--text input-text\" name=\"sr_lastname\" id=\"reg_sr_lastname\" value=\"\"  required \/>\r\n\t\t<\/p>\r\n\t\t                    <p class=\"woocommerce-form-row woocommerce-form-row--wide form-row form-row-wide custom_register_field\" \n                        style=\"display: inline-block;width: 100%;\">\n                        <label for=\"reg_cc\" style=\"\">\n                            CC                                                            <span class=\"required\">*<\/span>\n                                                    <\/label>\n                        <input type=\"cc\" \n                            class=\"woocommerce-Input woocommerce-Input--text input-text\" \n                            placeholder=\"\" \n                            name=\"cc\" \n                            id=\"reg_cc\" \n                            value=\"\" \n                        \/>\n                    <\/p>\n                                        <p class=\"woocommerce-form-row woocommerce-form-row--wide form-row form-row-wide custom_register_field\" \n                        style=\"display: inline-block;width: 100%;\">\n                        <label for=\"reg_Telem\u00f3vel\" style=\"\">\n                            Telem\u00f3vel                                                            <span class=\"required\">*<\/span>\n                                                    <\/label>\n                        <input type=\"tel\" \n                            class=\"woocommerce-Input woocommerce-Input--text input-text\" \n                            placeholder=\"\" \n                            name=\"Telem\u00f3vel\" \n                            id=\"reg_Telem\u00f3vel\" \n                            value=\"\" \n                        \/>\n                    <\/p>\n                                        <p class=\"woocommerce-form-row woocommerce-form-row--wide form-row form-row-wide custom_register_field\" \n                        style=\"display: inline-block;width: 100%;\">\n                        <label for=\"reg_nif\" style=\"\">\n                            NIF                                                            <span class=\"required\">*<\/span>\n                                                    <\/label>\n                        <input type=\"nif\" \n                            class=\"woocommerce-Input woocommerce-Input--text input-text\" \n                            placeholder=\"\" \n                            name=\"nif\" \n                            id=\"reg_nif\" \n                            value=\"\" \n                        \/>\n                    <\/p>\n                    <p class=\"form-row form-row-wide address-field validate-required\" id=\"billing_address_1_field\" data-priority=\"50\"><label for=\"billing_address_1\" class=\"required_field\">Street address&nbsp;<span class=\"required\" aria-hidden=\"true\">*<\/span><\/label><span class=\"woocommerce-input-wrapper\"><input type=\"text\" class=\"input-text\" name=\"billing_address_1\" id=\"billing_address_1\" placeholder=\"House number and street name\"  value=\"\" aria-required=\"true\" autocomplete=\"section-billing billing address-line1\" data-no-translation-placeholder=\"\" \/><\/span><\/p><p class=\"form-row form-row-wide address-field validate-required\" id=\"billing_city_field\" data-priority=\"70\"><label for=\"billing_city\" class=\"required_field\">Town \/ City&nbsp;<span class=\"required\" aria-hidden=\"true\">*<\/span><\/label><span class=\"woocommerce-input-wrapper\"><input type=\"text\" class=\"input-text\" name=\"billing_city\" id=\"billing_city\" placeholder=\"\"  value=\"\" aria-required=\"true\" autocomplete=\"section-billing billing address-level2\" \/><\/span><\/p><p class=\"form-row form-row-wide address-field validate-state\" id=\"billing_state_field\" style=\"display: none\"><label for=\"billing_state\" class=\"\">State \/ County&nbsp;<span class=\"optional\">(opcional)<\/span><\/label><span class=\"woocommerce-input-wrapper\"><input type=\"hidden\" class=\"hidden\" name=\"billing_state\" id=\"billing_state\" value=\"\" autocomplete=\"section-billing billing address-level1\" placeholder=\"\" readonly=\"readonly\" data-input-classes=\"\"\/><\/span><\/p>\r\n\t\t\r\n\t\t\t<p class=\"woocommerce-FormRow woocommerce-FormRow--wide form-row form-row-wide\">\r\n\t\t\t\t<label for=\"reg_username\">Username <span class=\"required\">*<\/span><\/label>\r\n\t\t\t\t<input type=\"text\" class=\"woocommerce-Input woocommerce-Input--text input-text\" name=\"username\" id=\"reg_username\" value=\"\" \/>\r\n\t\t\t<\/p>\r\n\r\n\t\t\r\n\t\t<p class=\"woocommerce-FormRow woocommerce-FormRow--wide form-row form-row-wide\">\r\n\t\t\t<label for=\"reg_email\">Email address <span class=\"required\">*<\/span><\/label>\r\n\t\t\t<input type=\"email\" class=\"woocommerce-Input woocommerce-Input--text input-text\" name=\"email\" id=\"reg_email\" value=\"\" \/>\r\n\t\t<\/p>\r\n\r\n\t\t\r\n\t\t\t<p class=\"woocommerce-FormRow woocommerce-FormRow--wide form-row form-row-wide\">\r\n\t\t\t\t<label for=\"reg_password\">Password <span class=\"required\">*<\/span><\/label>\r\n\t\t\t\t<input type=\"password\" class=\"woocommerce-Input woocommerce-Input--text input-text\" name=\"password\" id=\"reg_password\" \/>\r\n\t\t\t<\/p>\r\n\r\n\t\t\r\n\t\t<!-- Spam Trap -->\r\n\t\t<div style=\"left: -999em; position: absolute;\"><label for=\"trap\">Anti-spam<\/label><input type=\"text\" name=\"email_2\" id=\"trap\" tabindex=\"-1\" autocomplete=\"off\" \/><\/div>\r\n\r\n\t\t<wc-order-attribution-inputs><\/wc-order-attribution-inputs><div class=\"woocommerce-privacy-policy-text\"><p>Os seus dados pessoais ser\u00e3o usados para apoiar a sua experi\u00eancia em todo o nosso site, para gerir o acesso \u00e0 sua conta e para outros fins descritos na nossa <a href=\"https:\/\/ptrelax.net\/en\/politica-de-privacidade\/\" class=\"woocommerce-privacy-policy-link\" target=\"_blank\" data-no-translation=\"\" data-trp-gettext=\"\">pol\u00edtica de privacidade<\/a>.<\/p>\n<\/div>\t\t\r\n\t\t<p class=\"woocomerce-FormRow form-row\">\r\n\t\t\t<input type=\"hidden\" id=\"woocommerce-register-nonce\" name=\"woocommerce-register-nonce\" value=\"c1dce66463\" \/><input type=\"hidden\" name=\"_wp_http_referer\" value=\"\/en\/wp-json\/wp\/v2\/pages\/3413\" \/>\t\t\t<input type=\"submit\" class=\"woocommerce-Button button\" name=\"register\" value=\"Register\" \/>\r\n\t\t<\/p>\r\n\r\n\t\t<p class=\"woocommerce-simple-registration-login-link\">\r\n\t\t\t<a href=\"https:\/\/ptrelax.net\/wp-login.php?redirect_to=https%3A%2F%2Fptrelax.net%2Fen%2Fregistar%2F\">Log in<\/a>\r\n\t\t<\/p>\r\n\r\n\t\t\r\n\t<input type=\"hidden\" name=\"trp-form-language\" value=\"en\"\/><\/form>\r\n\r\n<\/div>\r\n<\/div>\n\t\t\t\t\t\t<\/div>\n\t\t\t\t<\/div>\n\t\t\t\t\t<\/div>\n\t\t<\/div>\n\t\t\t\t\t<\/div>\n\t\t<\/section>\n\t\t\t\t<\/div>","protected":false},"excerpt":{"rendered":"","protected":false},"author":1,"featured_media":0,"parent":0,"menu_order":0,"comment_status":"closed","ping_status":"closed","template":"","meta":{"nf_dc_page":"","om_disable_all_campaigns":false,"_monsterinsights_skip_tracking":false,"_monsterinsights_sitenote_active":false,"_monsterinsights_sitenote_note":"","_monsterinsights_sitenote_category":0,"neve_meta_sidebar":"","neve_meta_container":"contained","neve_meta_enable_content_width":"on","neve_meta_content_width":70,"neve_meta_title_alignment":"","neve_meta_author_avatar":"","neve_post_elements_order":"","neve_meta_disable_header":"","neve_meta_disable_footer":"","neve_meta_disable_title":"","_themeisle_gutenberg_block_has_review":false,"footnotes":""},"class_list":["post-3413","page","type-page","status-publish","hentry"],"yoast_head":"<!-- This site is optimized with the Yoast SEO plugin v27.6 - https:\/\/yoast.com\/product\/yoast-seo-wordpress\/ -->\n<title>Registar - PTRELAX<\/title>\n<meta name=\"robots\" content=\"index, follow, max-snippet:-1, max-image-preview:large, max-video-preview:-1\" \/>\n<link rel=\"canonical\" href=\"https:\/\/ptrelax.net\/en\/registar\/\" \/>\n<meta property=\"og:locale\" content=\"en_GB\" \/>\n<meta property=\"og:type\" content=\"article\" \/>\n<meta property=\"og:title\" content=\"Registar - PTRELAX\" \/>\n<meta property=\"og:url\" content=\"https:\/\/ptrelax.net\/en\/registar\/\" \/>\n<meta property=\"og:site_name\" content=\"PTRELAX\" \/>\n<meta property=\"article:modified_time\" content=\"2024-02-25T14:18:56+00:00\" \/>\n<meta name=\"twitter:card\" content=\"summary_large_image\" \/>\n<script type=\"application\/ld+json\" class=\"yoast-schema-graph\">{\"@context\":\"https:\\\/\\\/schema.org\",\"@graph\":[{\"@type\":\"WebPage\",\"@id\":\"https:\\\/\\\/ptrelax.net\\\/registar\\\/\",\"url\":\"https:\\\/\\\/ptrelax.net\\\/registar\\\/\",\"name\":\"Registar - PTRELAX\",\"isPartOf\":{\"@id\":\"https:\\\/\\\/ptrelax.net\\\/#website\"},\"datePublished\":\"2022-02-04T15:42:40+00:00\",\"dateModified\":\"2024-02-25T14:18:56+00:00\",\"breadcrumb\":{\"@id\":\"https:\\\/\\\/ptrelax.net\\\/registar\\\/#breadcrumb\"},\"inLanguage\":\"en-GB\",\"potentialAction\":[{\"@type\":\"ReadAction\",\"target\":[\"https:\\\/\\\/ptrelax.net\\\/registar\\\/\"]}]},{\"@type\":\"BreadcrumbList\",\"@id\":\"https:\\\/\\\/ptrelax.net\\\/registar\\\/#breadcrumb\",\"itemListElement\":[{\"@type\":\"ListItem\",\"position\":1,\"name\":\"In\u00edcio\",\"item\":\"https:\\\/\\\/ptrelax.net\\\/\"},{\"@type\":\"ListItem\",\"position\":2,\"name\":\"Registar\"}]},{\"@type\":\"WebSite\",\"@id\":\"https:\\\/\\\/ptrelax.net\\\/#website\",\"url\":\"https:\\\/\\\/ptrelax.net\\\/\",\"name\":\"PTRELAX\",\"description\":\"Pr\u00f3xima Rubrica Lda\",\"publisher\":{\"@id\":\"https:\\\/\\\/ptrelax.net\\\/#organization\"},\"potentialAction\":[{\"@type\":\"SearchAction\",\"target\":{\"@type\":\"EntryPoint\",\"urlTemplate\":\"https:\\\/\\\/ptrelax.net\\\/?s={search_term_string}\"},\"query-input\":{\"@type\":\"PropertyValueSpecification\",\"valueRequired\":true,\"valueName\":\"search_term_string\"}}],\"inLanguage\":\"en-GB\"},{\"@type\":\"Organization\",\"@id\":\"https:\\\/\\\/ptrelax.net\\\/#organization\",\"name\":\"PTRELAX - Pr\u00f3xima Rubrica\",\"url\":\"https:\\\/\\\/ptrelax.net\\\/\",\"logo\":{\"@type\":\"ImageObject\",\"inLanguage\":\"en-GB\",\"@id\":\"https:\\\/\\\/ptrelax.net\\\/#\\\/schema\\\/logo\\\/image\\\/\",\"url\":\"https:\\\/\\\/i2.wp.com\\\/ptrelax.net\\\/wp-content\\\/uploads\\\/2021\\\/12\\\/LOGO-PT-RELAX-1080x610-Blue.png?fit=1080%2C610&ssl=1\",\"contentUrl\":\"https:\\\/\\\/i2.wp.com\\\/ptrelax.net\\\/wp-content\\\/uploads\\\/2021\\\/12\\\/LOGO-PT-RELAX-1080x610-Blue.png?fit=1080%2C610&ssl=1\",\"width\":1080,\"height\":610,\"caption\":\"PTRELAX - Pr\u00f3xima Rubrica\"},\"image\":{\"@id\":\"https:\\\/\\\/ptrelax.net\\\/#\\\/schema\\\/logo\\\/image\\\/\"}}]}<\/script>\n<!-- \/ Yoast SEO plugin. -->","yoast_head_json":{"title":"Registar - PTRELAX","robots":{"index":"index","follow":"follow","max-snippet":"max-snippet:-1","max-image-preview":"max-image-preview:large","max-video-preview":"max-video-preview:-1"},"canonical":"https:\/\/ptrelax.net\/en\/registar\/","og_locale":"en_GB","og_type":"article","og_title":"Registar - PTRELAX","og_url":"https:\/\/ptrelax.net\/en\/registar\/","og_site_name":"PTRELAX","article_modified_time":"2024-02-25T14:18:56+00:00","twitter_card":"summary_large_image","schema":{"@context":"https:\/\/schema.org","@graph":[{"@type":"WebPage","@id":"https:\/\/ptrelax.net\/registar\/","url":"https:\/\/ptrelax.net\/registar\/","name":"Registar - PTRELAX","isPartOf":{"@id":"https:\/\/ptrelax.net\/#website"},"datePublished":"2022-02-04T15:42:40+00:00","dateModified":"2024-02-25T14:18:56+00:00","breadcrumb":{"@id":"https:\/\/ptrelax.net\/registar\/#breadcrumb"},"inLanguage":"en-GB","potentialAction":[{"@type":"ReadAction","target":["https:\/\/ptrelax.net\/registar\/"]}]},{"@type":"BreadcrumbList","@id":"https:\/\/ptrelax.net\/registar\/#breadcrumb","itemListElement":[{"@type":"ListItem","position":1,"name":"In\u00edcio","item":"https:\/\/ptrelax.net\/"},{"@type":"ListItem","position":2,"name":"Registar"}]},{"@type":"WebSite","@id":"https:\/\/ptrelax.net\/#website","url":"https:\/\/ptrelax.net\/","name":"PTRELAX","description":"Pr\u00f3xima Rubrica Lda","publisher":{"@id":"https:\/\/ptrelax.net\/#organization"},"potentialAction":[{"@type":"SearchAction","target":{"@type":"EntryPoint","urlTemplate":"https:\/\/ptrelax.net\/?s={search_term_string}"},"query-input":{"@type":"PropertyValueSpecification","valueRequired":true,"valueName":"search_term_string"}}],"inLanguage":"en-GB"},{"@type":"Organization","@id":"https:\/\/ptrelax.net\/#organization","name":"PTRELAX - Pr\u00f3xima Rubrica","url":"https:\/\/ptrelax.net\/","logo":{"@type":"ImageObject","inLanguage":"en-GB","@id":"https:\/\/ptrelax.net\/#\/schema\/logo\/image\/","url":"https:\/\/i2.wp.com\/ptrelax.net\/wp-content\/uploads\/2021\/12\/LOGO-PT-RELAX-1080x610-Blue.png?fit=1080%2C610&ssl=1","contentUrl":"https:\/\/i2.wp.com\/ptrelax.net\/wp-content\/uploads\/2021\/12\/LOGO-PT-RELAX-1080x610-Blue.png?fit=1080%2C610&ssl=1","width":1080,"height":610,"caption":"PTRELAX - Pr\u00f3xima Rubrica"},"image":{"@id":"https:\/\/ptrelax.net\/#\/schema\/logo\/image\/"}}]}},"jetpack-related-posts":[{"id":4621,"url":"https:\/\/ptrelax.net\/en\/register\/","url_meta":{"origin":3413,"position":0},"title":"WPR Register","author":"vascoarrojado","date":"09\/02\/2024","format":false,"excerpt":"[wpr-form id=4618]","rel":"","context":"Similar post","block_context":{"text":"Similar post","link":""},"img":{"alt_text":"","src":"","width":0,"height":0},"classes":[]},{"id":2823,"url":"https:\/\/ptrelax.net\/en\/politica-de-privacidade\/","url_meta":{"origin":3413,"position":1},"title":"Pol\u00edtica de privacidade","author":"vascoarrojado","date":"28\/10\/2021","format":false,"excerpt":"Quem somos O endere\u00e7o do nosso site \u00e9: https:\/\/ptrelax.net. Cookies Ao entrar no nosso site pode optar por guardar o seu nome, endere\u00e7o de email e site nos cookies. Isto \u00e9 para sua conveni\u00eancia para n\u00e3o ter de preencher novamente os seus dados quando deixar outro coment\u00e1rio. Estes cookies durar\u00e3o\u2026","rel":"","context":"Similar post","block_context":{"text":"Similar post","link":""},"img":{"alt_text":"","src":"https:\/\/i0.wp.com\/ptrelax.net\/wp-content\/uploads\/2021\/12\/luxury_Tech_PTRELAX-1-scaled.jpg?fit=1200%2C339&ssl=1&resize=350%2C200","width":350,"height":200,"srcset":"https:\/\/i0.wp.com\/ptrelax.net\/wp-content\/uploads\/2021\/12\/luxury_Tech_PTRELAX-1-scaled.jpg?fit=1200%2C339&ssl=1&resize=350%2C200 1x, https:\/\/i0.wp.com\/ptrelax.net\/wp-content\/uploads\/2021\/12\/luxury_Tech_PTRELAX-1-scaled.jpg?fit=1200%2C339&ssl=1&resize=525%2C300 1.5x, https:\/\/i0.wp.com\/ptrelax.net\/wp-content\/uploads\/2021\/12\/luxury_Tech_PTRELAX-1-scaled.jpg?fit=1200%2C339&ssl=1&resize=700%2C400 2x, https:\/\/i0.wp.com\/ptrelax.net\/wp-content\/uploads\/2021\/12\/luxury_Tech_PTRELAX-1-scaled.jpg?fit=1200%2C339&ssl=1&resize=1050%2C600 3x"},"classes":[]},{"id":2827,"url":"https:\/\/ptrelax.net\/en\/condicoes-gerais-de-leilao-eletronico\/","url_meta":{"origin":3413,"position":2},"title":"Condi\u00e7\u00f5es gerais de leil\u00e3o eletr\u00f3nico","author":"vascoarrojado","date":"28\/10\/2021","format":false,"excerpt":"Compete \u00e0 PTRELAX - Pr\u00f3xima R\u00fabrica Lda garantir o regular desenvolvimento do leil\u00e3o eletr\u00f3nico, que se regula pelas seguintes condi\u00e7\u00f5es gerais de venda: A) REGISTO NO PORTAL DE LEIL\u00d5ES PTRELAX Os licitantes dever\u00e3o proceder ao registo no site da PTRELAX - Pr\u00f3xima R\u00fabrica Lda, onde devem constar todos os elementos\u2026","rel":"","context":"Similar post","block_context":{"text":"Similar post","link":""},"img":{"alt_text":"","src":"https:\/\/i0.wp.com\/ptrelax.net\/wp-content\/uploads\/2021\/12\/luxury_Tech_PTRELAX-1-scaled.jpg?fit=1200%2C339&ssl=1&resize=350%2C200","width":350,"height":200,"srcset":"https:\/\/i0.wp.com\/ptrelax.net\/wp-content\/uploads\/2021\/12\/luxury_Tech_PTRELAX-1-scaled.jpg?fit=1200%2C339&ssl=1&resize=350%2C200 1x, https:\/\/i0.wp.com\/ptrelax.net\/wp-content\/uploads\/2021\/12\/luxury_Tech_PTRELAX-1-scaled.jpg?fit=1200%2C339&ssl=1&resize=525%2C300 1.5x, https:\/\/i0.wp.com\/ptrelax.net\/wp-content\/uploads\/2021\/12\/luxury_Tech_PTRELAX-1-scaled.jpg?fit=1200%2C339&ssl=1&resize=700%2C400 2x, https:\/\/i0.wp.com\/ptrelax.net\/wp-content\/uploads\/2021\/12\/luxury_Tech_PTRELAX-1-scaled.jpg?fit=1200%2C339&ssl=1&resize=1050%2C600 3x"},"classes":[]}],"jetpack_sharing_enabled":true,"_links":{"self":[{"href":"https:\/\/ptrelax.net\/en\/wp-json\/wp\/v2\/pages\/3413","targetHints":{"allow":["GET"]}}],"collection":[{"href":"https:\/\/ptrelax.net\/en\/wp-json\/wp\/v2\/pages"}],"about":[{"href":"https:\/\/ptrelax.net\/en\/wp-json\/wp\/v2\/types\/page"}],"author":[{"embeddable":true,"href":"https:\/\/ptrelax.net\/en\/wp-json\/wp\/v2\/users\/1"}],"replies":[{"embeddable":true,"href":"https:\/\/ptrelax.net\/en\/wp-json\/wp\/v2\/comments?post=3413"}],"version-history":[{"count":0,"href":"https:\/\/ptrelax.net\/en\/wp-json\/wp\/v2\/pages\/3413\/revisions"}],"wp:attachment":[{"href":"https:\/\/ptrelax.net\/en\/wp-json\/wp\/v2\/media?parent=3413"}],"curies":[{"name":"wp","href":"https:\/\/api.w.org\/{rel}","templated":true}]}}