{"id":3417,"date":"2022-02-04T16:36:55","date_gmt":"2022-02-04T16:36:55","guid":{"rendered":"https:\/\/ptrelax.net\/minha-conta\/"},"modified":"2022-02-04T16:36:55","modified_gmt":"2022-02-04T16:36:55","slug":"minha-conta","status":"publish","type":"page","link":"https:\/\/ptrelax.net\/en\/minha-conta\/","title":{"rendered":"A minha conta"},"content":{"rendered":"<div class=\"woocommerce\"><\/div>","protected":false},"excerpt":{"rendered":"","protected":false},"author":1,"featured_media":0,"parent":0,"menu_order":0,"comment_status":"closed","ping_status":"closed","template":"","meta":{"nf_dc_page":"","om_disable_all_campaigns":false,"_monsterinsights_skip_tracking":false,"_monsterinsights_sitenote_active":false,"_monsterinsights_sitenote_note":"","_monsterinsights_sitenote_category":0,"neve_meta_sidebar":"","neve_meta_container":"","neve_meta_enable_content_width":"","neve_meta_content_width":0,"neve_meta_title_alignment":"","neve_meta_author_avatar":"","neve_post_elements_order":"","neve_meta_disable_header":"","neve_meta_disable_footer":"","neve_meta_disable_title":"","_themeisle_gutenberg_block_has_review":false,"footnotes":""},"class_list":["post-3417","page","type-page","status-publish","hentry"],"yoast_head":"<!-- This site is optimized with the Yoast SEO plugin v27.6 - https:\/\/yoast.com\/product\/yoast-seo-wordpress\/ -->\n<title>A minha conta - PTRELAX<\/title>\n<meta name=\"robots\" content=\"index, follow, max-snippet:-1, max-image-preview:large, max-video-preview:-1\" \/>\n<link rel=\"canonical\" href=\"https:\/\/ptrelax.net\/en\/minha-conta\/\" \/>\n<meta property=\"og:locale\" content=\"en_GB\" \/>\n<meta property=\"og:type\" content=\"article\" \/>\n<meta property=\"og:title\" content=\"A minha conta - PTRELAX\" \/>\n<meta property=\"og:url\" content=\"https:\/\/ptrelax.net\/en\/minha-conta\/\" \/>\n<meta property=\"og:site_name\" content=\"PTRELAX\" \/>\n<meta name=\"twitter:card\" content=\"summary_large_image\" \/>\n<script type=\"application\/ld+json\" class=\"yoast-schema-graph\">{\"@context\":\"https:\\\/\\\/schema.org\",\"@graph\":[{\"@type\":\"WebPage\",\"@id\":\"https:\\\/\\\/ptrelax.net\\\/minha-conta\\\/\",\"url\":\"https:\\\/\\\/ptrelax.net\\\/minha-conta\\\/\",\"name\":\"A minha conta - PTRELAX\",\"isPartOf\":{\"@id\":\"https:\\\/\\\/ptrelax.net\\\/#website\"},\"datePublished\":\"2022-02-04T16:36:55+00:00\",\"breadcrumb\":{\"@id\":\"https:\\\/\\\/ptrelax.net\\\/minha-conta\\\/#breadcrumb\"},\"inLanguage\":\"en-GB\",\"potentialAction\":[{\"@type\":\"ReadAction\",\"target\":[\"https:\\\/\\\/ptrelax.net\\\/minha-conta\\\/\"]}]},{\"@type\":\"BreadcrumbList\",\"@id\":\"https:\\\/\\\/ptrelax.net\\\/minha-conta\\\/#breadcrumb\",\"itemListElement\":[{\"@type\":\"ListItem\",\"position\":1,\"name\":\"In\u00edcio\",\"item\":\"https:\\\/\\\/ptrelax.net\\\/\"},{\"@type\":\"ListItem\",\"position\":2,\"name\":\"A minha conta\"}]},{\"@type\":\"WebSite\",\"@id\":\"https:\\\/\\\/ptrelax.net\\\/#website\",\"url\":\"https:\\\/\\\/ptrelax.net\\\/\",\"name\":\"PTRELAX\",\"description\":\"Pr\u00f3xima Rubrica Lda\",\"publisher\":{\"@id\":\"https:\\\/\\\/ptrelax.net\\\/#organization\"},\"potentialAction\":[{\"@type\":\"SearchAction\",\"target\":{\"@type\":\"EntryPoint\",\"urlTemplate\":\"https:\\\/\\\/ptrelax.net\\\/?s={search_term_string}\"},\"query-input\":{\"@type\":\"PropertyValueSpecification\",\"valueRequired\":true,\"valueName\":\"search_term_string\"}}],\"inLanguage\":\"en-GB\"},{\"@type\":\"Organization\",\"@id\":\"https:\\\/\\\/ptrelax.net\\\/#organization\",\"name\":\"PTRELAX - Pr\u00f3xima Rubrica\",\"url\":\"https:\\\/\\\/ptrelax.net\\\/\",\"logo\":{\"@type\":\"ImageObject\",\"inLanguage\":\"en-GB\",\"@id\":\"https:\\\/\\\/ptrelax.net\\\/#\\\/schema\\\/logo\\\/image\\\/\",\"url\":\"https:\\\/\\\/i2.wp.com\\\/ptrelax.net\\\/wp-content\\\/uploads\\\/2021\\\/12\\\/LOGO-PT-RELAX-1080x610-Blue.png?fit=1080%2C610&ssl=1\",\"contentUrl\":\"https:\\\/\\\/i2.wp.com\\\/ptrelax.net\\\/wp-content\\\/uploads\\\/2021\\\/12\\\/LOGO-PT-RELAX-1080x610-Blue.png?fit=1080%2C610&ssl=1\",\"width\":1080,\"height\":610,\"caption\":\"PTRELAX - Pr\u00f3xima Rubrica\"},\"image\":{\"@id\":\"https:\\\/\\\/ptrelax.net\\\/#\\\/schema\\\/logo\\\/image\\\/\"}}]}<\/script>\n<!-- \/ Yoast SEO plugin. -->","yoast_head_json":{"title":"A minha conta - PTRELAX","robots":{"index":"index","follow":"follow","max-snippet":"max-snippet:-1","max-image-preview":"max-image-preview:large","max-video-preview":"max-video-preview:-1"},"canonical":"https:\/\/ptrelax.net\/en\/minha-conta\/","og_locale":"en_GB","og_type":"article","og_title":"A minha conta - PTRELAX","og_url":"https:\/\/ptrelax.net\/en\/minha-conta\/","og_site_name":"PTRELAX","twitter_card":"summary_large_image","schema":{"@context":"https:\/\/schema.org","@graph":[{"@type":"WebPage","@id":"https:\/\/ptrelax.net\/minha-conta\/","url":"https:\/\/ptrelax.net\/minha-conta\/","name":"A minha conta - PTRELAX","isPartOf":{"@id":"https:\/\/ptrelax.net\/#website"},"datePublished":"2022-02-04T16:36:55+00:00","breadcrumb":{"@id":"https:\/\/ptrelax.net\/minha-conta\/#breadcrumb"},"inLanguage":"en-GB","potentialAction":[{"@type":"ReadAction","target":["https:\/\/ptrelax.net\/minha-conta\/"]}]},{"@type":"BreadcrumbList","@id":"https:\/\/ptrelax.net\/minha-conta\/#breadcrumb","itemListElement":[{"@type":"ListItem","position":1,"name":"In\u00edcio","item":"https:\/\/ptrelax.net\/"},{"@type":"ListItem","position":2,"name":"A minha conta"}]},{"@type":"WebSite","@id":"https:\/\/ptrelax.net\/#website","url":"https:\/\/ptrelax.net\/","name":"PTRELAX","description":"Pr\u00f3xima Rubrica Lda","publisher":{"@id":"https:\/\/ptrelax.net\/#organization"},"potentialAction":[{"@type":"SearchAction","target":{"@type":"EntryPoint","urlTemplate":"https:\/\/ptrelax.net\/?s={search_term_string}"},"query-input":{"@type":"PropertyValueSpecification","valueRequired":true,"valueName":"search_term_string"}}],"inLanguage":"en-GB"},{"@type":"Organization","@id":"https:\/\/ptrelax.net\/#organization","name":"PTRELAX - Pr\u00f3xima Rubrica","url":"https:\/\/ptrelax.net\/","logo":{"@type":"ImageObject","inLanguage":"en-GB","@id":"https:\/\/ptrelax.net\/#\/schema\/logo\/image\/","url":"https:\/\/i2.wp.com\/ptrelax.net\/wp-content\/uploads\/2021\/12\/LOGO-PT-RELAX-1080x610-Blue.png?fit=1080%2C610&ssl=1","contentUrl":"https:\/\/i2.wp.com\/ptrelax.net\/wp-content\/uploads\/2021\/12\/LOGO-PT-RELAX-1080x610-Blue.png?fit=1080%2C610&ssl=1","width":1080,"height":610,"caption":"PTRELAX - Pr\u00f3xima Rubrica"},"image":{"@id":"https:\/\/ptrelax.net\/#\/schema\/logo\/image\/"}}]}},"jetpack-related-posts":[{"id":2823,"url":"https:\/\/ptrelax.net\/en\/politica-de-privacidade\/","url_meta":{"origin":3417,"position":0},"title":"Pol\u00edtica de privacidade","author":"vascoarrojado","date":"28\/10\/2021","format":false,"excerpt":"Quem somos O endere\u00e7o do nosso site \u00e9: https:\/\/ptrelax.net. Cookies Ao entrar no nosso site pode optar por guardar o seu nome, endere\u00e7o de email e site nos cookies. Isto \u00e9 para sua conveni\u00eancia para n\u00e3o ter de preencher novamente os seus dados quando deixar outro coment\u00e1rio. Estes cookies durar\u00e3o\u2026","rel":"","context":"Similar post","block_context":{"text":"Similar post","link":""},"img":{"alt_text":"","src":"https:\/\/i0.wp.com\/ptrelax.net\/wp-content\/uploads\/2021\/12\/luxury_Tech_PTRELAX-1-scaled.jpg?fit=1200%2C339&ssl=1&resize=350%2C200","width":350,"height":200,"srcset":"https:\/\/i0.wp.com\/ptrelax.net\/wp-content\/uploads\/2021\/12\/luxury_Tech_PTRELAX-1-scaled.jpg?fit=1200%2C339&ssl=1&resize=350%2C200 1x, https:\/\/i0.wp.com\/ptrelax.net\/wp-content\/uploads\/2021\/12\/luxury_Tech_PTRELAX-1-scaled.jpg?fit=1200%2C339&ssl=1&resize=525%2C300 1.5x, https:\/\/i0.wp.com\/ptrelax.net\/wp-content\/uploads\/2021\/12\/luxury_Tech_PTRELAX-1-scaled.jpg?fit=1200%2C339&ssl=1&resize=700%2C400 2x, https:\/\/i0.wp.com\/ptrelax.net\/wp-content\/uploads\/2021\/12\/luxury_Tech_PTRELAX-1-scaled.jpg?fit=1200%2C339&ssl=1&resize=1050%2C600 3x"},"classes":[]},{"id":2837,"url":"https:\/\/ptrelax.net\/en\/rgpd\/","url_meta":{"origin":3417,"position":1},"title":"RGPD","author":"vascoarrojado","date":"28\/10\/2021","format":false,"excerpt":"RGPD - Prote\u00e7\u00e3o de Dados PTRELAX - Pr\u00f3xima R\u00fabrica Lda O Regulamento Geral de Prote\u00e7\u00e3o de Dados (RGPD), visa regular o tratamento de dados pessoais e assegurar o direito \u00e0 prote\u00e7\u00e3o de dados pessoais. Atrav\u00e9s da sua implementa\u00e7\u00e3o procura-se acautelar e estabelecer todas as garantias que permitam evitar a utiliza\u00e7\u00e3o\u2026","rel":"","context":"Similar post","block_context":{"text":"Similar post","link":""},"img":{"alt_text":"","src":"https:\/\/i0.wp.com\/ptrelax.net\/wp-content\/uploads\/2021\/12\/luxury_Tech_PTRELAX-1-scaled.jpg?fit=1200%2C339&ssl=1&resize=350%2C200","width":350,"height":200,"srcset":"https:\/\/i0.wp.com\/ptrelax.net\/wp-content\/uploads\/2021\/12\/luxury_Tech_PTRELAX-1-scaled.jpg?fit=1200%2C339&ssl=1&resize=350%2C200 1x, https:\/\/i0.wp.com\/ptrelax.net\/wp-content\/uploads\/2021\/12\/luxury_Tech_PTRELAX-1-scaled.jpg?fit=1200%2C339&ssl=1&resize=525%2C300 1.5x, https:\/\/i0.wp.com\/ptrelax.net\/wp-content\/uploads\/2021\/12\/luxury_Tech_PTRELAX-1-scaled.jpg?fit=1200%2C339&ssl=1&resize=700%2C400 2x, https:\/\/i0.wp.com\/ptrelax.net\/wp-content\/uploads\/2021\/12\/luxury_Tech_PTRELAX-1-scaled.jpg?fit=1200%2C339&ssl=1&resize=1050%2C600 3x"},"classes":[]},{"id":2827,"url":"https:\/\/ptrelax.net\/en\/condicoes-gerais-de-leilao-eletronico\/","url_meta":{"origin":3417,"position":2},"title":"Condi\u00e7\u00f5es gerais de leil\u00e3o eletr\u00f3nico","author":"vascoarrojado","date":"28\/10\/2021","format":false,"excerpt":"Compete \u00e0 PTRELAX - Pr\u00f3xima R\u00fabrica Lda garantir o regular desenvolvimento do leil\u00e3o eletr\u00f3nico, que se regula pelas seguintes condi\u00e7\u00f5es gerais de venda: A) REGISTO NO PORTAL DE LEIL\u00d5ES PTRELAX Os licitantes dever\u00e3o proceder ao registo no site da PTRELAX - Pr\u00f3xima R\u00fabrica Lda, onde devem constar todos os elementos\u2026","rel":"","context":"Similar post","block_context":{"text":"Similar post","link":""},"img":{"alt_text":"","src":"https:\/\/i0.wp.com\/ptrelax.net\/wp-content\/uploads\/2021\/12\/luxury_Tech_PTRELAX-1-scaled.jpg?fit=1200%2C339&ssl=1&resize=350%2C200","width":350,"height":200,"srcset":"https:\/\/i0.wp.com\/ptrelax.net\/wp-content\/uploads\/2021\/12\/luxury_Tech_PTRELAX-1-scaled.jpg?fit=1200%2C339&ssl=1&resize=350%2C200 1x, https:\/\/i0.wp.com\/ptrelax.net\/wp-content\/uploads\/2021\/12\/luxury_Tech_PTRELAX-1-scaled.jpg?fit=1200%2C339&ssl=1&resize=525%2C300 1.5x, https:\/\/i0.wp.com\/ptrelax.net\/wp-content\/uploads\/2021\/12\/luxury_Tech_PTRELAX-1-scaled.jpg?fit=1200%2C339&ssl=1&resize=700%2C400 2x, https:\/\/i0.wp.com\/ptrelax.net\/wp-content\/uploads\/2021\/12\/luxury_Tech_PTRELAX-1-scaled.jpg?fit=1200%2C339&ssl=1&resize=1050%2C600 3x"},"classes":[]}],"jetpack_sharing_enabled":true,"_links":{"self":[{"href":"https:\/\/ptrelax.net\/en\/wp-json\/wp\/v2\/pages\/3417","targetHints":{"allow":["GET"]}}],"collection":[{"href":"https:\/\/ptrelax.net\/en\/wp-json\/wp\/v2\/pages"}],"about":[{"href":"https:\/\/ptrelax.net\/en\/wp-json\/wp\/v2\/types\/page"}],"author":[{"embeddable":true,"href":"https:\/\/ptrelax.net\/en\/wp-json\/wp\/v2\/users\/1"}],"replies":[{"embeddable":true,"href":"https:\/\/ptrelax.net\/en\/wp-json\/wp\/v2\/comments?post=3417"}],"version-history":[{"count":0,"href":"https:\/\/ptrelax.net\/en\/wp-json\/wp\/v2\/pages\/3417\/revisions"}],"wp:attachment":[{"href":"https:\/\/ptrelax.net\/en\/wp-json\/wp\/v2\/media?parent=3417"}],"curies":[{"name":"wp","href":"https:\/\/api.w.org\/{rel}","templated":true}]}}