{"id":3739,"date":"2022-04-27T14:03:57","date_gmt":"2022-04-27T13:03:57","guid":{"rendered":"https:\/\/ptrelax.net\/?page_id=3739"},"modified":"2022-04-27T14:20:12","modified_gmt":"2022-04-27T13:20:12","slug":"categorias","status":"publish","type":"page","link":"https:\/\/ptrelax.net\/en\/categorias\/","title":{"rendered":"Categorias"},"content":{"rendered":"<div style=\"height:145px\" aria-hidden=\"true\" class=\"wp-block-spacer\"><\/div>\n\n\n\n<div class=\"wp-block-columns is-layout-flex wp-container-core-columns-is-layout-9d6595d7 wp-block-columns-is-layout-flex\">\n<div class=\"wp-block-column is-layout-flow wp-block-column-is-layout-flow\"><div data-block-name=\"woocommerce\/featured-category\" data-category-id=\"178\" data-dim-ratio=\"30\" data-edit-mode=\"false\" class=\"wc-block-featured-category alignnone has-background-dim has-background-dim-30 wp-block-woocommerce-featured-category\" style=\"min-height:500px;\"><div class=\"wc-block-featured-category__wrapper\"><div class=\"background-dim__overlay\" style=\"background-color: #000000\"><\/div><img decoding=\"async\" alt=\"Leil\u00e3o Eletr\u00f3nico\" class=\"wc-block-featured-category__background-image\" src=\"https:\/\/i0.wp.com\/ptrelax.net\/wp-content\/uploads\/2021\/10\/39.png?fit=1024%2C576&#038;ssl=1\" style=\"object-fit: none;object-position: 50% 50%;\" \/><h2 class=\"wc-block-featured-category__title\">Leil\u00e3o Eletr\u00f3nico<\/h2><div class=\"wc-block-featured-category__description\"><\/div><div class=\"wc-block-featured-category__inner-blocks\">\n\n<div class=\"wp-block-buttons is-content-justification-center is-layout-flex wp-container-core-buttons-is-layout-16018d1d wp-block-buttons-is-layout-flex\">\n<div class=\"wp-block-button\"><a class=\"wp-block-button__link\" href=\"https:\/\/ptrelax.net\/en\/produto-categoria\/todas-as-vendas\/leilao-eletronico\/\">Licitar<\/a><\/div>\n<\/div>\n\n<\/div><\/div><\/div><\/div>\n\n\n\n<div class=\"wp-block-column is-layout-flow wp-block-column-is-layout-flow\"><div data-block-name=\"woocommerce\/featured-category\" data-category-id=\"181\" data-dim-ratio=\"30\" data-edit-mode=\"false\" class=\"wc-block-featured-category alignnone has-background-dim has-background-dim-30 wp-block-woocommerce-featured-category\" style=\"min-height:500px;\"><div class=\"wc-block-featured-category__wrapper\"><div class=\"background-dim__overlay\" style=\"background-color: #000000\"><\/div><img decoding=\"async\" alt=\"Negocia\u00e7\u00e3o Particular\" class=\"wc-block-featured-category__background-image\" src=\"https:\/\/i0.wp.com\/ptrelax.net\/wp-content\/uploads\/2021\/10\/Business-Squares-1.png?fit=1024%2C1024&#038;ssl=1\" style=\"object-fit: none;object-position: 50% 50%;\" \/><h2 class=\"wc-block-featured-category__title\">Negocia\u00e7\u00e3o Particular<\/h2><div class=\"wc-block-featured-category__description\"><\/div><div class=\"wc-block-featured-category__inner-blocks\">\n\n<div class=\"wp-block-buttons is-content-justification-center is-layout-flex wp-container-core-buttons-is-layout-16018d1d wp-block-buttons-is-layout-flex\">\n<div class=\"wp-block-button\"><a class=\"wp-block-button__link\" href=\"https:\/\/ptrelax.net\/en\/produto-categoria\/todas-as-vendas\/negociacao-particular\/\">Negociar<\/a><\/div>\n<\/div>\n\n<\/div><\/div><\/div><\/div>\n<\/div>\n\n\n\n<div style=\"height:127px\" aria-hidden=\"true\" class=\"wp-block-spacer\"><\/div>","protected":false},"excerpt":{"rendered":"","protected":false},"author":1,"featured_media":0,"parent":0,"menu_order":0,"comment_status":"closed","ping_status":"closed","template":"","meta":{"nf_dc_page":"","om_disable_all_campaigns":false,"_monsterinsights_skip_tracking":false,"_monsterinsights_sitenote_active":false,"_monsterinsights_sitenote_note":"","_monsterinsights_sitenote_category":0,"neve_meta_sidebar":"","neve_meta_container":"","neve_meta_enable_content_width":"","neve_meta_content_width":0,"neve_meta_title_alignment":"","neve_meta_author_avatar":"","neve_post_elements_order":"","neve_meta_disable_header":"","neve_meta_disable_footer":"","neve_meta_disable_title":"","_themeisle_gutenberg_block_has_review":false,"footnotes":""},"class_list":["post-3739","page","type-page","status-publish","hentry"],"yoast_head":"<!-- This site is optimized with the Yoast SEO plugin v27.6 - https:\/\/yoast.com\/product\/yoast-seo-wordpress\/ -->\n<title>Categorias - PTRELAX<\/title>\n<meta name=\"robots\" content=\"index, follow, max-snippet:-1, max-image-preview:large, max-video-preview:-1\" \/>\n<link rel=\"canonical\" href=\"https:\/\/ptrelax.net\/en\/categorias\/\" \/>\n<meta property=\"og:locale\" content=\"en_GB\" \/>\n<meta property=\"og:type\" content=\"article\" \/>\n<meta property=\"og:title\" content=\"Categorias - PTRELAX\" \/>\n<meta property=\"og:url\" content=\"https:\/\/ptrelax.net\/en\/categorias\/\" \/>\n<meta property=\"og:site_name\" content=\"PTRELAX\" \/>\n<meta property=\"article:modified_time\" content=\"2022-04-27T13:20:12+00:00\" \/>\n<meta name=\"twitter:card\" content=\"summary_large_image\" \/>\n<meta name=\"twitter:label1\" content=\"Estimated reading time\" \/>\n\t<meta name=\"twitter:data1\" content=\"1 minute\" \/>\n<script type=\"application\/ld+json\" class=\"yoast-schema-graph\">{\"@context\":\"https:\\\/\\\/schema.org\",\"@graph\":[{\"@type\":\"WebPage\",\"@id\":\"https:\\\/\\\/ptrelax.net\\\/categorias\\\/\",\"url\":\"https:\\\/\\\/ptrelax.net\\\/categorias\\\/\",\"name\":\"Categorias - PTRELAX\",\"isPartOf\":{\"@id\":\"https:\\\/\\\/ptrelax.net\\\/#website\"},\"datePublished\":\"2022-04-27T13:03:57+00:00\",\"dateModified\":\"2022-04-27T13:20:12+00:00\",\"breadcrumb\":{\"@id\":\"https:\\\/\\\/ptrelax.net\\\/categorias\\\/#breadcrumb\"},\"inLanguage\":\"en-GB\",\"potentialAction\":[{\"@type\":\"ReadAction\",\"target\":[\"https:\\\/\\\/ptrelax.net\\\/categorias\\\/\"]}]},{\"@type\":\"BreadcrumbList\",\"@id\":\"https:\\\/\\\/ptrelax.net\\\/categorias\\\/#breadcrumb\",\"itemListElement\":[{\"@type\":\"ListItem\",\"position\":1,\"name\":\"In\u00edcio\",\"item\":\"https:\\\/\\\/ptrelax.net\\\/\"},{\"@type\":\"ListItem\",\"position\":2,\"name\":\"Categorias\"}]},{\"@type\":\"WebSite\",\"@id\":\"https:\\\/\\\/ptrelax.net\\\/#website\",\"url\":\"https:\\\/\\\/ptrelax.net\\\/\",\"name\":\"PTRELAX\",\"description\":\"Pr\u00f3xima Rubrica Lda\",\"publisher\":{\"@id\":\"https:\\\/\\\/ptrelax.net\\\/#organization\"},\"potentialAction\":[{\"@type\":\"SearchAction\",\"target\":{\"@type\":\"EntryPoint\",\"urlTemplate\":\"https:\\\/\\\/ptrelax.net\\\/?s={search_term_string}\"},\"query-input\":{\"@type\":\"PropertyValueSpecification\",\"valueRequired\":true,\"valueName\":\"search_term_string\"}}],\"inLanguage\":\"en-GB\"},{\"@type\":\"Organization\",\"@id\":\"https:\\\/\\\/ptrelax.net\\\/#organization\",\"name\":\"PTRELAX - Pr\u00f3xima Rubrica\",\"url\":\"https:\\\/\\\/ptrelax.net\\\/\",\"logo\":{\"@type\":\"ImageObject\",\"inLanguage\":\"en-GB\",\"@id\":\"https:\\\/\\\/ptrelax.net\\\/#\\\/schema\\\/logo\\\/image\\\/\",\"url\":\"https:\\\/\\\/i2.wp.com\\\/ptrelax.net\\\/wp-content\\\/uploads\\\/2021\\\/12\\\/LOGO-PT-RELAX-1080x610-Blue.png?fit=1080%2C610&ssl=1\",\"contentUrl\":\"https:\\\/\\\/i2.wp.com\\\/ptrelax.net\\\/wp-content\\\/uploads\\\/2021\\\/12\\\/LOGO-PT-RELAX-1080x610-Blue.png?fit=1080%2C610&ssl=1\",\"width\":1080,\"height\":610,\"caption\":\"PTRELAX - Pr\u00f3xima Rubrica\"},\"image\":{\"@id\":\"https:\\\/\\\/ptrelax.net\\\/#\\\/schema\\\/logo\\\/image\\\/\"}}]}<\/script>\n<!-- \/ Yoast SEO plugin. -->","yoast_head_json":{"title":"Categorias - PTRELAX","robots":{"index":"index","follow":"follow","max-snippet":"max-snippet:-1","max-image-preview":"max-image-preview:large","max-video-preview":"max-video-preview:-1"},"canonical":"https:\/\/ptrelax.net\/en\/categorias\/","og_locale":"en_GB","og_type":"article","og_title":"Categorias - PTRELAX","og_url":"https:\/\/ptrelax.net\/en\/categorias\/","og_site_name":"PTRELAX","article_modified_time":"2022-04-27T13:20:12+00:00","twitter_card":"summary_large_image","twitter_misc":{"Estimated reading time":"1 minute"},"schema":{"@context":"https:\/\/schema.org","@graph":[{"@type":"WebPage","@id":"https:\/\/ptrelax.net\/categorias\/","url":"https:\/\/ptrelax.net\/categorias\/","name":"Categorias - PTRELAX","isPartOf":{"@id":"https:\/\/ptrelax.net\/#website"},"datePublished":"2022-04-27T13:03:57+00:00","dateModified":"2022-04-27T13:20:12+00:00","breadcrumb":{"@id":"https:\/\/ptrelax.net\/categorias\/#breadcrumb"},"inLanguage":"en-GB","potentialAction":[{"@type":"ReadAction","target":["https:\/\/ptrelax.net\/categorias\/"]}]},{"@type":"BreadcrumbList","@id":"https:\/\/ptrelax.net\/categorias\/#breadcrumb","itemListElement":[{"@type":"ListItem","position":1,"name":"In\u00edcio","item":"https:\/\/ptrelax.net\/"},{"@type":"ListItem","position":2,"name":"Categorias"}]},{"@type":"WebSite","@id":"https:\/\/ptrelax.net\/#website","url":"https:\/\/ptrelax.net\/","name":"PTRELAX","description":"Pr\u00f3xima Rubrica Lda","publisher":{"@id":"https:\/\/ptrelax.net\/#organization"},"potentialAction":[{"@type":"SearchAction","target":{"@type":"EntryPoint","urlTemplate":"https:\/\/ptrelax.net\/?s={search_term_string}"},"query-input":{"@type":"PropertyValueSpecification","valueRequired":true,"valueName":"search_term_string"}}],"inLanguage":"en-GB"},{"@type":"Organization","@id":"https:\/\/ptrelax.net\/#organization","name":"PTRELAX - Pr\u00f3xima Rubrica","url":"https:\/\/ptrelax.net\/","logo":{"@type":"ImageObject","inLanguage":"en-GB","@id":"https:\/\/ptrelax.net\/#\/schema\/logo\/image\/","url":"https:\/\/i2.wp.com\/ptrelax.net\/wp-content\/uploads\/2021\/12\/LOGO-PT-RELAX-1080x610-Blue.png?fit=1080%2C610&ssl=1","contentUrl":"https:\/\/i2.wp.com\/ptrelax.net\/wp-content\/uploads\/2021\/12\/LOGO-PT-RELAX-1080x610-Blue.png?fit=1080%2C610&ssl=1","width":1080,"height":610,"caption":"PTRELAX - Pr\u00f3xima Rubrica"},"image":{"@id":"https:\/\/ptrelax.net\/#\/schema\/logo\/image\/"}}]}},"jetpack-related-posts":[{"id":2827,"url":"https:\/\/ptrelax.net\/en\/condicoes-gerais-de-leilao-eletronico\/","url_meta":{"origin":3739,"position":0},"title":"Condi\u00e7\u00f5es gerais de leil\u00e3o eletr\u00f3nico","author":"vascoarrojado","date":"28\/10\/2021","format":false,"excerpt":"Compete \u00e0 PTRELAX - Pr\u00f3xima R\u00fabrica Lda garantir o regular desenvolvimento do leil\u00e3o eletr\u00f3nico, que se regula pelas seguintes condi\u00e7\u00f5es gerais de venda: A) REGISTO NO PORTAL DE LEIL\u00d5ES PTRELAX Os licitantes dever\u00e3o proceder ao registo no site da PTRELAX - Pr\u00f3xima R\u00fabrica Lda, onde devem constar todos os elementos\u2026","rel":"","context":"Similar post","block_context":{"text":"Similar post","link":""},"img":{"alt_text":"","src":"https:\/\/i0.wp.com\/ptrelax.net\/wp-content\/uploads\/2021\/12\/luxury_Tech_PTRELAX-1-scaled.jpg?fit=1200%2C339&ssl=1&resize=350%2C200","width":350,"height":200,"srcset":"https:\/\/i0.wp.com\/ptrelax.net\/wp-content\/uploads\/2021\/12\/luxury_Tech_PTRELAX-1-scaled.jpg?fit=1200%2C339&ssl=1&resize=350%2C200 1x, https:\/\/i0.wp.com\/ptrelax.net\/wp-content\/uploads\/2021\/12\/luxury_Tech_PTRELAX-1-scaled.jpg?fit=1200%2C339&ssl=1&resize=525%2C300 1.5x, https:\/\/i0.wp.com\/ptrelax.net\/wp-content\/uploads\/2021\/12\/luxury_Tech_PTRELAX-1-scaled.jpg?fit=1200%2C339&ssl=1&resize=700%2C400 2x, https:\/\/i0.wp.com\/ptrelax.net\/wp-content\/uploads\/2021\/12\/luxury_Tech_PTRELAX-1-scaled.jpg?fit=1200%2C339&ssl=1&resize=1050%2C600 3x"},"classes":[]}],"jetpack_sharing_enabled":true,"_links":{"self":[{"href":"https:\/\/ptrelax.net\/en\/wp-json\/wp\/v2\/pages\/3739","targetHints":{"allow":["GET"]}}],"collection":[{"href":"https:\/\/ptrelax.net\/en\/wp-json\/wp\/v2\/pages"}],"about":[{"href":"https:\/\/ptrelax.net\/en\/wp-json\/wp\/v2\/types\/page"}],"author":[{"embeddable":true,"href":"https:\/\/ptrelax.net\/en\/wp-json\/wp\/v2\/users\/1"}],"replies":[{"embeddable":true,"href":"https:\/\/ptrelax.net\/en\/wp-json\/wp\/v2\/comments?post=3739"}],"version-history":[{"count":0,"href":"https:\/\/ptrelax.net\/en\/wp-json\/wp\/v2\/pages\/3739\/revisions"}],"wp:attachment":[{"href":"https:\/\/ptrelax.net\/en\/wp-json\/wp\/v2\/media?parent=3739"}],"curies":[{"name":"wp","href":"https:\/\/api.w.org\/{rel}","templated":true}]}}