{"id":4062,"date":"2023-02-17T11:13:41","date_gmt":"2023-02-17T11:13:41","guid":{"rendered":"https:\/\/ptrelax.net\/?post_type=product&#038;p=4062"},"modified":"2026-03-09T17:49:34","modified_gmt":"2026-03-09T17:49:34","slug":"apartamento-t3-condominio-privado-lisboa","status":"publish","type":"product","link":"https:\/\/ptrelax.net\/en\/product\/apartamento-t3-condominio-privado-lisboa\/","title":{"rendered":"Apartamento T3 condom\u00ednio privado \u2013 Lisboa"},"content":{"rendered":"<p>Apartamento T3, situado em condom\u00ednio privado, na Rua Azinhaga das Travessas n\u00ba 10 1600-000 Lisboa.<\/p>\n<p>&nbsp;<\/p>\n<p>A venda \u00e9 efetuada nos termos do disposto no art. 832\u00ba e 833\u00ba do CPC, por Negocia\u00e7\u00e3o Particular, pela PTRelax, Pr\u00f3xima Rubrica, portadora de Titulo de Autoriza\u00e7\u00e3o para o exerc\u00edcio da atividade leiloeira (159 Leiloeira), emitido pela D.G.A.E \u2013 Dire\u00e7\u00e3o Geral das Atividades Econ\u00f3micas, nos termos do Art. n\u00ba5 do decreto-lei n\u00ba155\/2015, de 10 de agosto 2015, bem como seguro de responsabilidade civil profissional obrigat\u00f3rio, Ap\u00f3lice n\u00ba 2527799, emitido pela HISCOX INSURANCE COMPANY LIMITED.<\/p>","protected":false},"excerpt":{"rendered":"<div><\/div>\n<div>Valor Base-620.000.00\u20ac<\/div>\n<div><\/div>\n<div>Valor m\u00ednimo -610.000.00\u20ac<\/div>\n<div><span style=\"color: #ffffff;\">_<\/span><\/div>\n<div><span style=\"color: #ffffff;\">_<\/span><\/div>\n<div>\n<div>A negocia\u00e7\u00e3o particular, permite aos v\u00e1rios Interessados\/Proponentes submeter uma proposta em valores inferiores aos anunciados para a referida venda, ficando sujeita \u00e0 sua valida\u00e7\u00e3o.<\/div>\n<div>\n<p><span style=\"color: #ffffff;\">_<\/span><\/p>\n<p>T\u00e9rmino negocia\u00e7\u00e3o: 31\/05\/2026 14:00<\/p>\n<\/div>\n<\/div>","protected":false},"featured_media":5166,"template":"","meta":{"nf_dc_page":"","om_disable_all_campaigns":false,"_monsterinsights_skip_tracking":false,"_monsterinsights_sitenote_active":false,"_monsterinsights_sitenote_note":"","_monsterinsights_sitenote_category":0,"neve_meta_sidebar":"","neve_meta_container":"","neve_meta_enable_content_width":"off","neve_meta_content_width":100,"neve_meta_title_alignment":"","neve_meta_author_avatar":"","neve_post_elements_order":"","neve_meta_disable_header":"","neve_meta_disable_footer":"","neve_meta_disable_title":"","_themeisle_gutenberg_block_has_review":false},"product_brand":[],"product_cat":[181,191],"product_tag":[],"class_list":{"0":"post-4062","1":"product","2":"type-product","3":"status-publish","4":"has-post-thumbnail","6":"product_cat-negociacao-particular","7":"product_cat-todas-as-vendas","9":"first","10":"instock","11":"sold-individually","12":"shipping-taxable","13":"purchasable","14":"product-type-simple"},"yoast_head":"<!-- This site is optimized with the Yoast SEO plugin v27.6 - https:\/\/yoast.com\/product\/yoast-seo-wordpress\/ -->\n<title>Apartamento T3 condom\u00ednio privado \u2013 Lisboa - PTRELAX<\/title>\n<meta name=\"robots\" content=\"index, follow, max-snippet:-1, max-image-preview:large, max-video-preview:-1\" \/>\n<link rel=\"canonical\" href=\"https:\/\/ptrelax.net\/en\/product\/apartamento-t3-condominio-privado-lisboa\/\" \/>\n<meta property=\"og:locale\" content=\"en_GB\" \/>\n<meta property=\"og:type\" content=\"article\" \/>\n<meta property=\"og:title\" content=\"Apartamento T3 condom\u00ednio privado \u2013 Lisboa - PTRELAX\" \/>\n<meta property=\"og:description\" content=\"Valor Base-620.000.00\u20ac  Valor m\u00ednimo -610.000.00\u20ac _ _  A negocia\u00e7\u00e3o particular, permite aos v\u00e1rios Interessados\/Proponentes submeter uma proposta em valores inferiores aos anunciados para a referida venda, ficando sujeita \u00e0 sua valida\u00e7\u00e3o.   _  T\u00e9rmino negocia\u00e7\u00e3o: 31\/05\/2026 14:00\" \/>\n<meta property=\"og:url\" content=\"https:\/\/ptrelax.net\/en\/product\/apartamento-t3-condominio-privado-lisboa\/\" \/>\n<meta property=\"og:site_name\" content=\"PTRELAX\" \/>\n<meta property=\"article:modified_time\" content=\"2026-03-09T17:49:34+00:00\" \/>\n<meta property=\"og:image\" content=\"https:\/\/ptrelax.net\/wp-content\/uploads\/2023\/02\/Lote-38-15_2-T3-Condominio-Lisboa-1.png\" \/>\n\t<meta property=\"og:image:width\" content=\"500\" \/>\n\t<meta property=\"og:image:height\" content=\"375\" \/>\n\t<meta property=\"og:image:type\" content=\"image\/png\" \/>\n<meta name=\"twitter:card\" content=\"summary_large_image\" \/>\n<meta name=\"twitter:label1\" content=\"Estimated reading time\" \/>\n\t<meta name=\"twitter:data1\" content=\"1 minute\" \/>\n<script type=\"application\/ld+json\" class=\"yoast-schema-graph\">{\"@context\":\"https:\\\/\\\/schema.org\",\"@graph\":[{\"@type\":\"WebPage\",\"@id\":\"https:\\\/\\\/ptrelax.net\\\/produto\\\/apartamento-t3-condominio-privado-lisboa\\\/\",\"url\":\"https:\\\/\\\/ptrelax.net\\\/produto\\\/apartamento-t3-condominio-privado-lisboa\\\/\",\"name\":\"Apartamento T3 condom\u00ednio privado \u2013 Lisboa - PTRELAX\",\"isPartOf\":{\"@id\":\"https:\\\/\\\/ptrelax.net\\\/#website\"},\"primaryImageOfPage\":{\"@id\":\"https:\\\/\\\/ptrelax.net\\\/produto\\\/apartamento-t3-condominio-privado-lisboa\\\/#primaryimage\"},\"image\":{\"@id\":\"https:\\\/\\\/ptrelax.net\\\/produto\\\/apartamento-t3-condominio-privado-lisboa\\\/#primaryimage\"},\"thumbnailUrl\":\"https:\\\/\\\/i0.wp.com\\\/ptrelax.net\\\/wp-content\\\/uploads\\\/2023\\\/02\\\/Lote-38-15_2-T3-Condominio-Lisboa-1.png?fit=500%2C375&ssl=1\",\"datePublished\":\"2023-02-17T11:13:41+00:00\",\"dateModified\":\"2026-03-09T17:49:34+00:00\",\"breadcrumb\":{\"@id\":\"https:\\\/\\\/ptrelax.net\\\/produto\\\/apartamento-t3-condominio-privado-lisboa\\\/#breadcrumb\"},\"inLanguage\":\"en-GB\",\"potentialAction\":[{\"@type\":\"ReadAction\",\"target\":[\"https:\\\/\\\/ptrelax.net\\\/produto\\\/apartamento-t3-condominio-privado-lisboa\\\/\"]}]},{\"@type\":\"ImageObject\",\"inLanguage\":\"en-GB\",\"@id\":\"https:\\\/\\\/ptrelax.net\\\/produto\\\/apartamento-t3-condominio-privado-lisboa\\\/#primaryimage\",\"url\":\"https:\\\/\\\/i0.wp.com\\\/ptrelax.net\\\/wp-content\\\/uploads\\\/2023\\\/02\\\/Lote-38-15_2-T3-Condominio-Lisboa-1.png?fit=500%2C375&ssl=1\",\"contentUrl\":\"https:\\\/\\\/i0.wp.com\\\/ptrelax.net\\\/wp-content\\\/uploads\\\/2023\\\/02\\\/Lote-38-15_2-T3-Condominio-Lisboa-1.png?fit=500%2C375&ssl=1\",\"width\":500,\"height\":375},{\"@type\":\"BreadcrumbList\",\"@id\":\"https:\\\/\\\/ptrelax.net\\\/produto\\\/apartamento-t3-condominio-privado-lisboa\\\/#breadcrumb\",\"itemListElement\":[{\"@type\":\"ListItem\",\"position\":1,\"name\":\"In\u00edcio\",\"item\":\"https:\\\/\\\/ptrelax.net\\\/\"},{\"@type\":\"ListItem\",\"position\":2,\"name\":\"Leil\u00f5es\",\"item\":\"https:\\\/\\\/ptrelax.net\\\/leiloes\\\/\"},{\"@type\":\"ListItem\",\"position\":3,\"name\":\"Apartamento T3 condom\u00ednio privado \u2013 Lisboa\"}]},{\"@type\":\"WebSite\",\"@id\":\"https:\\\/\\\/ptrelax.net\\\/#website\",\"url\":\"https:\\\/\\\/ptrelax.net\\\/\",\"name\":\"PTRELAX\",\"description\":\"Pr\u00f3xima Rubrica Lda\",\"publisher\":{\"@id\":\"https:\\\/\\\/ptrelax.net\\\/#organization\"},\"potentialAction\":[{\"@type\":\"SearchAction\",\"target\":{\"@type\":\"EntryPoint\",\"urlTemplate\":\"https:\\\/\\\/ptrelax.net\\\/?s={search_term_string}\"},\"query-input\":{\"@type\":\"PropertyValueSpecification\",\"valueRequired\":true,\"valueName\":\"search_term_string\"}}],\"inLanguage\":\"en-GB\"},{\"@type\":\"Organization\",\"@id\":\"https:\\\/\\\/ptrelax.net\\\/#organization\",\"name\":\"PTRELAX - Pr\u00f3xima Rubrica\",\"url\":\"https:\\\/\\\/ptrelax.net\\\/\",\"logo\":{\"@type\":\"ImageObject\",\"inLanguage\":\"en-GB\",\"@id\":\"https:\\\/\\\/ptrelax.net\\\/#\\\/schema\\\/logo\\\/image\\\/\",\"url\":\"https:\\\/\\\/i2.wp.com\\\/ptrelax.net\\\/wp-content\\\/uploads\\\/2021\\\/12\\\/LOGO-PT-RELAX-1080x610-Blue.png?fit=1080%2C610&ssl=1\",\"contentUrl\":\"https:\\\/\\\/i2.wp.com\\\/ptrelax.net\\\/wp-content\\\/uploads\\\/2021\\\/12\\\/LOGO-PT-RELAX-1080x610-Blue.png?fit=1080%2C610&ssl=1\",\"width\":1080,\"height\":610,\"caption\":\"PTRELAX - Pr\u00f3xima Rubrica\"},\"image\":{\"@id\":\"https:\\\/\\\/ptrelax.net\\\/#\\\/schema\\\/logo\\\/image\\\/\"}}]}<\/script>\n<!-- \/ Yoast SEO plugin. -->","yoast_head_json":{"title":"Apartamento T3 condom\u00ednio privado \u2013 Lisboa - PTRELAX","robots":{"index":"index","follow":"follow","max-snippet":"max-snippet:-1","max-image-preview":"max-image-preview:large","max-video-preview":"max-video-preview:-1"},"canonical":"https:\/\/ptrelax.net\/en\/product\/apartamento-t3-condominio-privado-lisboa\/","og_locale":"en_GB","og_type":"article","og_title":"Apartamento T3 condom\u00ednio privado \u2013 Lisboa - PTRELAX","og_description":"Valor Base-620.000.00\u20ac  Valor m\u00ednimo -610.000.00\u20ac _ _  A negocia\u00e7\u00e3o particular, permite aos v\u00e1rios Interessados\/Proponentes submeter uma proposta em valores inferiores aos anunciados para a referida venda, ficando sujeita \u00e0 sua valida\u00e7\u00e3o.   _  T\u00e9rmino negocia\u00e7\u00e3o: 31\/05\/2026 14:00","og_url":"https:\/\/ptrelax.net\/en\/product\/apartamento-t3-condominio-privado-lisboa\/","og_site_name":"PTRELAX","article_modified_time":"2026-03-09T17:49:34+00:00","og_image":[{"width":500,"height":375,"url":"https:\/\/ptrelax.net\/wp-content\/uploads\/2023\/02\/Lote-38-15_2-T3-Condominio-Lisboa-1.png","type":"image\/png"}],"twitter_card":"summary_large_image","twitter_misc":{"Estimated reading time":"1 minute"},"schema":{"@context":"https:\/\/schema.org","@graph":[{"@type":"WebPage","@id":"https:\/\/ptrelax.net\/produto\/apartamento-t3-condominio-privado-lisboa\/","url":"https:\/\/ptrelax.net\/produto\/apartamento-t3-condominio-privado-lisboa\/","name":"Apartamento T3 condom\u00ednio privado \u2013 Lisboa - PTRELAX","isPartOf":{"@id":"https:\/\/ptrelax.net\/#website"},"primaryImageOfPage":{"@id":"https:\/\/ptrelax.net\/produto\/apartamento-t3-condominio-privado-lisboa\/#primaryimage"},"image":{"@id":"https:\/\/ptrelax.net\/produto\/apartamento-t3-condominio-privado-lisboa\/#primaryimage"},"thumbnailUrl":"https:\/\/i0.wp.com\/ptrelax.net\/wp-content\/uploads\/2023\/02\/Lote-38-15_2-T3-Condominio-Lisboa-1.png?fit=500%2C375&ssl=1","datePublished":"2023-02-17T11:13:41+00:00","dateModified":"2026-03-09T17:49:34+00:00","breadcrumb":{"@id":"https:\/\/ptrelax.net\/produto\/apartamento-t3-condominio-privado-lisboa\/#breadcrumb"},"inLanguage":"en-GB","potentialAction":[{"@type":"ReadAction","target":["https:\/\/ptrelax.net\/produto\/apartamento-t3-condominio-privado-lisboa\/"]}]},{"@type":"ImageObject","inLanguage":"en-GB","@id":"https:\/\/ptrelax.net\/produto\/apartamento-t3-condominio-privado-lisboa\/#primaryimage","url":"https:\/\/i0.wp.com\/ptrelax.net\/wp-content\/uploads\/2023\/02\/Lote-38-15_2-T3-Condominio-Lisboa-1.png?fit=500%2C375&ssl=1","contentUrl":"https:\/\/i0.wp.com\/ptrelax.net\/wp-content\/uploads\/2023\/02\/Lote-38-15_2-T3-Condominio-Lisboa-1.png?fit=500%2C375&ssl=1","width":500,"height":375},{"@type":"BreadcrumbList","@id":"https:\/\/ptrelax.net\/produto\/apartamento-t3-condominio-privado-lisboa\/#breadcrumb","itemListElement":[{"@type":"ListItem","position":1,"name":"In\u00edcio","item":"https:\/\/ptrelax.net\/"},{"@type":"ListItem","position":2,"name":"Leil\u00f5es","item":"https:\/\/ptrelax.net\/leiloes\/"},{"@type":"ListItem","position":3,"name":"Apartamento T3 condom\u00ednio privado \u2013 Lisboa"}]},{"@type":"WebSite","@id":"https:\/\/ptrelax.net\/#website","url":"https:\/\/ptrelax.net\/","name":"PTRELAX","description":"Pr\u00f3xima Rubrica Lda","publisher":{"@id":"https:\/\/ptrelax.net\/#organization"},"potentialAction":[{"@type":"SearchAction","target":{"@type":"EntryPoint","urlTemplate":"https:\/\/ptrelax.net\/?s={search_term_string}"},"query-input":{"@type":"PropertyValueSpecification","valueRequired":true,"valueName":"search_term_string"}}],"inLanguage":"en-GB"},{"@type":"Organization","@id":"https:\/\/ptrelax.net\/#organization","name":"PTRELAX - Pr\u00f3xima Rubrica","url":"https:\/\/ptrelax.net\/","logo":{"@type":"ImageObject","inLanguage":"en-GB","@id":"https:\/\/ptrelax.net\/#\/schema\/logo\/image\/","url":"https:\/\/i2.wp.com\/ptrelax.net\/wp-content\/uploads\/2021\/12\/LOGO-PT-RELAX-1080x610-Blue.png?fit=1080%2C610&ssl=1","contentUrl":"https:\/\/i2.wp.com\/ptrelax.net\/wp-content\/uploads\/2021\/12\/LOGO-PT-RELAX-1080x610-Blue.png?fit=1080%2C610&ssl=1","width":1080,"height":610,"caption":"PTRELAX - Pr\u00f3xima Rubrica"},"image":{"@id":"https:\/\/ptrelax.net\/#\/schema\/logo\/image\/"}}]}},"jetpack-related-posts":[{"id":4075,"url":"https:\/\/ptrelax.net\/en\/product\/apartamento-t3-penha-de-franca-lisboa-2\/","url_meta":{"origin":4062,"position":0},"title":"Apartamento T3 \u2013 Penha de Fran\u00e7a \u2013 Lisboa","author":"vascoarrojado","date":"17\/02\/2023","format":false,"excerpt":"Valor Base-650.000.00\u20ac Valor m\u00ednimo-590.000.00\u20ac _ _ A negocia\u00e7\u00e3o particular, permite aos v\u00e1rios Interessados\/Proponentes submeter uma proposta em valores inferiores aos anunciados para a referida venda, ficando sujeita \u00e0 sua valida\u00e7\u00e3o. _ T\u00e9rmino negocia\u00e7\u00e3o: 31\/05\/2026 14:00","rel":"","context":"Similar post","block_context":{"text":"Similar post","link":""},"img":{"alt_text":"","src":"https:\/\/i0.wp.com\/ptrelax.net\/wp-content\/uploads\/2023\/02\/Lote-36-15_2-T3-Penha-de-Franca-14.png?fit=500%2C375&ssl=1&resize=350%2C200","width":350,"height":200},"classes":[]},{"id":3888,"url":"https:\/\/ptrelax.net\/en\/product\/apartamento-t1-lisboa\/","url_meta":{"origin":4062,"position":1},"title":"Apartamento T1 Marvila Lisboa","author":"vascoarrojado","date":"19\/12\/2022","format":false,"excerpt":"Valor base - 485.000.00\u20ac Valor m\u00ednimo - 475.000.00\u20ac _ A negocia\u00e7\u00e3o particular, permite aos v\u00e1rios Interessados\/Proponentes submeter uma proposta em valores inferiores aos anunciados para a referida venda, ficando sujeita \u00e0 sua valida\u00e7\u00e3o. _ T\u00e9rmino negocia\u00e7\u00e3o: 31\/05\/2026 14:00","rel":"","context":"Similar post","block_context":{"text":"Similar post","link":""},"img":{"alt_text":"","src":"https:\/\/i0.wp.com\/ptrelax.net\/wp-content\/uploads\/2022\/12\/Lote-18-Apartamento-Marvila-1.png?fit=500%2C375&ssl=1&resize=350%2C200","width":350,"height":200},"classes":[]},{"id":4300,"url":"https:\/\/ptrelax.net\/en\/product\/moradia-t3-em-aldeia-da-mata\/","url_meta":{"origin":4062,"position":2},"title":"Moradia t3 em Aldeia da Mata","author":"vascoarrojado","date":"07\/08\/2023","format":false,"excerpt":"Pre\u00e7o Base 45.000.00\u20ac Valor m\u00ednimo 40.000.00\u20ac _ _ A negocia\u00e7\u00e3o particular, permite aos v\u00e1rios Interessados\/Proponentes submeter uma proposta em valores inferiores aos anunciados para a referida venda, ficando sujeita \u00e0 sua valida\u00e7\u00e3o. _ T\u00e9rmino negocia\u00e7\u00e3o: 31\/05\/2026 14:00","rel":"","context":"Similar post","block_context":{"text":"Similar post","link":""},"img":{"alt_text":"","src":"https:\/\/i0.wp.com\/ptrelax.net\/wp-content\/uploads\/2023\/08\/Moradia-T3-Aldeia-da-Mata-10.png?fit=500%2C375&ssl=1&resize=350%2C200","width":350,"height":200},"classes":[]},{"id":4524,"url":"https:\/\/ptrelax.net\/en\/product\/predio-com-4-andares-santa-catarina-lisboa\/","url_meta":{"origin":4062,"position":3},"title":"Pr\u00e9dio com 4 andares Santa Catarina Lisboa","author":"vascoarrojado","date":"22\/01\/2024","format":false,"excerpt":"Valor m\u00ednimo de Venda - 1.575.000.00\u20ac _ _ A negocia\u00e7\u00e3o particular, permite aos v\u00e1rios Interessados\/Proponentes submeter uma proposta em valores inferiores aos anunciados para a referida venda, ficando sujeita \u00e0 sua valida\u00e7\u00e3o. _ T\u00e9rmino negocia\u00e7\u00e3o: 31\/05\/2026 14:00","rel":"","context":"Similar post","block_context":{"text":"Similar post","link":""},"img":{"alt_text":"","src":"https:\/\/i0.wp.com\/ptrelax.net\/wp-content\/uploads\/2024\/01\/Lote-77-Predio-Santa-Catarina-5.png?fit=500%2C375&ssl=1&resize=350%2C200","width":350,"height":200},"classes":[]},{"id":4988,"url":"https:\/\/ptrelax.net\/en\/product\/garagem-para-carro-e-mota-vila-pouca-de-aguiar\/","url_meta":{"origin":4062,"position":4},"title":"Garagem para Carro e Mota \u2013 Vila Pouca de Aguiar","author":"Nuno Fr\u00f3is","date":"11\/11\/2025","format":false,"excerpt":"Pre\u00e7o Base -5.500.00\u20ac Valor m\u00ednimo de venda -5.500.00\u20ac _ _ A negocia\u00e7\u00e3o particular, permite aos v\u00e1rios Interessados\/Proponentes submeter uma proposta em valores inferiores aos anunciados para a referida venda, ficando sujeita \u00e0 sua valida\u00e7\u00e3o. _ T\u00e9rmino negocia\u00e7\u00e3o: 31\/05\/2026 14:00","rel":"","context":"Similar post","block_context":{"text":"Similar post","link":""},"img":{"alt_text":"","src":"https:\/\/i0.wp.com\/ptrelax.net\/wp-content\/uploads\/2025\/11\/Lote-100-Garagem-Vila-Pouca-de-Aguiar-5.png?fit=500%2C375&ssl=1&resize=350%2C200","width":350,"height":200},"classes":[]},{"id":4289,"url":"https:\/\/ptrelax.net\/en\/product\/armazem-almeirim\/","url_meta":{"origin":4062,"position":5},"title":"Armaz\u00e9m Almeirim","author":"vascoarrojado","date":"11\/07\/2023","format":false,"excerpt":"Pre\u00e7o Base-820.000.00\u20ac Pre\u00e7o Minimo-780.000.00\u20ac _ _ A negocia\u00e7\u00e3o particular, permite aos v\u00e1rios Interessados\/Proponentes submeter uma proposta em valores inferiores aos anunciados para a referida venda, ficando sujeita \u00e0 sua valida\u00e7\u00e3o. _ T\u00e9rmino negocia\u00e7\u00e3o: 31\/05\/2026 14:00","rel":"","context":"Similar post","block_context":{"text":"Similar post","link":""},"img":{"alt_text":"","src":"https:\/\/i0.wp.com\/ptrelax.net\/wp-content\/uploads\/2023\/07\/Lote-55-11_07-Armazem-Almeirim-8.png?fit=500%2C375&ssl=1&resize=350%2C200","width":350,"height":200},"classes":[]}],"jetpack_sharing_enabled":true,"_links":{"self":[{"href":"https:\/\/ptrelax.net\/en\/wp-json\/wp\/v2\/product\/4062","targetHints":{"allow":["GET"]}}],"collection":[{"href":"https:\/\/ptrelax.net\/en\/wp-json\/wp\/v2\/product"}],"about":[{"href":"https:\/\/ptrelax.net\/en\/wp-json\/wp\/v2\/types\/product"}],"wp:featuredmedia":[{"embeddable":true,"href":"https:\/\/ptrelax.net\/en\/wp-json\/wp\/v2\/media\/5166"}],"wp:attachment":[{"href":"https:\/\/ptrelax.net\/en\/wp-json\/wp\/v2\/media?parent=4062"}],"wp:term":[{"taxonomy":"product_brand","embeddable":true,"href":"https:\/\/ptrelax.net\/en\/wp-json\/wp\/v2\/product_brand?post=4062"},{"taxonomy":"product_cat","embeddable":true,"href":"https:\/\/ptrelax.net\/en\/wp-json\/wp\/v2\/product_cat?post=4062"},{"taxonomy":"product_tag","embeddable":true,"href":"https:\/\/ptrelax.net\/en\/wp-json\/wp\/v2\/product_tag?post=4062"}],"curies":[{"name":"wp","href":"https:\/\/api.w.org\/{rel}","templated":true}]}}