{"id":4982,"date":"2025-07-01T14:39:59","date_gmt":"2025-07-01T13:39:59","guid":{"rendered":"https:\/\/ptrelax.net\/?post_type=product&#038;p=4982"},"modified":"2026-03-09T17:04:51","modified_gmt":"2026-03-09T17:04:51","slug":"moradia-t3-em-alvito","status":"publish","type":"product","link":"https:\/\/ptrelax.net\/en\/product\/moradia-t3-em-alvito\/","title":{"rendered":"Moradia T3 em Alvito"},"content":{"rendered":"<div>Situada na Avenida Jos\u00e9 Delgado, 7920-027 Alvito<\/div>\n<div><\/div>\n<div>3 Quartos,Sala, cozinha,2 Casas de Banho,garagem,logradouro, terra\u00e7o.<\/div>","protected":false},"excerpt":{"rendered":"<p>Pre\u00e7o Base- 85.000.00\u20ac<\/p>\n<p>Valor m\u00ednimo de venda &#8211; 85.000.00\u20ac<\/p>\n<div dir=\"auto\">\n<div dir=\"auto\">\n<div dir=\"auto\"><span style=\"color: #ffffff;\">_<\/span><\/div>\n<div dir=\"auto\"><span style=\"color: #ffffff;\">_<\/span><\/div>\n<div dir=\"auto\">\n<div>A negocia\u00e7\u00e3o particular, permite aos v\u00e1rios Interessados\/Proponentes submeter uma proposta em valores inferiores aos anunciados para a referida venda, ficando sujeita \u00e0 sua valida\u00e7\u00e3o.<\/div>\n<div><span style=\"color: #ffffff;\">_<\/span><\/div>\n<div>\n<p>T\u00e9rmino negocia\u00e7\u00e3o: 31\/05\/2026 14:00<\/p>\n<\/div>\n<\/div>\n<\/div>\n<\/div>","protected":false},"featured_media":5096,"template":"","meta":{"nf_dc_page":"","om_disable_all_campaigns":false,"_monsterinsights_skip_tracking":false,"_monsterinsights_sitenote_active":false,"_monsterinsights_sitenote_note":"","_monsterinsights_sitenote_category":0,"neve_meta_sidebar":"","neve_meta_container":"","neve_meta_enable_content_width":"off","neve_meta_content_width":100,"neve_meta_title_alignment":"","neve_meta_author_avatar":"","neve_post_elements_order":"","neve_meta_disable_header":"","neve_meta_disable_footer":"","neve_meta_disable_title":"","_themeisle_gutenberg_block_has_review":false},"product_brand":[],"product_cat":[181,191],"product_tag":[],"class_list":{"0":"post-4982","1":"product","2":"type-product","3":"status-publish","4":"has-post-thumbnail","6":"product_cat-negociacao-particular","7":"product_cat-todas-as-vendas","9":"first","10":"instock","11":"sold-individually","12":"shipping-taxable","13":"purchasable","14":"product-type-simple"},"yoast_head":"<!-- This site is optimized with the Yoast SEO plugin v27.6 - https:\/\/yoast.com\/product\/yoast-seo-wordpress\/ -->\n<title>Moradia T3 em Alvito - PTRELAX<\/title>\n<meta name=\"robots\" content=\"index, follow, max-snippet:-1, max-image-preview:large, max-video-preview:-1\" \/>\n<link rel=\"canonical\" href=\"https:\/\/ptrelax.net\/en\/product\/moradia-t3-em-alvito\/\" \/>\n<meta property=\"og:locale\" content=\"en_GB\" \/>\n<meta property=\"og:type\" content=\"article\" \/>\n<meta property=\"og:title\" content=\"Moradia T3 em Alvito - PTRELAX\" \/>\n<meta property=\"og:description\" content=\"Pre\u00e7o Base- 85.000.00\u20ac  Valor m\u00ednimo de venda - 85.000.00\u20ac   _ _  A negocia\u00e7\u00e3o particular, permite aos v\u00e1rios Interessados\/Proponentes submeter uma proposta em valores inferiores aos anunciados para a referida venda, ficando sujeita \u00e0 sua valida\u00e7\u00e3o. _   T\u00e9rmino negocia\u00e7\u00e3o: 31\/05\/2026 14:00\" \/>\n<meta property=\"og:url\" content=\"https:\/\/ptrelax.net\/en\/product\/moradia-t3-em-alvito\/\" \/>\n<meta property=\"og:site_name\" content=\"PTRELAX\" \/>\n<meta property=\"article:modified_time\" content=\"2026-03-09T17:04:51+00:00\" \/>\n<meta property=\"og:image\" content=\"https:\/\/ptrelax.net\/wp-content\/uploads\/2025\/07\/Lote-95-Moradia-T3-em-Alvito-2.png\" \/>\n\t<meta property=\"og:image:width\" content=\"500\" \/>\n\t<meta property=\"og:image:height\" content=\"375\" \/>\n\t<meta property=\"og:image:type\" content=\"image\/png\" \/>\n<meta name=\"twitter:card\" content=\"summary_large_image\" \/>\n<meta name=\"twitter:label1\" content=\"Estimated reading time\" \/>\n\t<meta name=\"twitter:data1\" content=\"1 minute\" \/>\n<script type=\"application\/ld+json\" class=\"yoast-schema-graph\">{\"@context\":\"https:\\\/\\\/schema.org\",\"@graph\":[{\"@type\":\"WebPage\",\"@id\":\"https:\\\/\\\/ptrelax.net\\\/produto\\\/moradia-t3-em-alvito\\\/\",\"url\":\"https:\\\/\\\/ptrelax.net\\\/produto\\\/moradia-t3-em-alvito\\\/\",\"name\":\"Moradia T3 em Alvito - PTRELAX\",\"isPartOf\":{\"@id\":\"https:\\\/\\\/ptrelax.net\\\/#website\"},\"primaryImageOfPage\":{\"@id\":\"https:\\\/\\\/ptrelax.net\\\/produto\\\/moradia-t3-em-alvito\\\/#primaryimage\"},\"image\":{\"@id\":\"https:\\\/\\\/ptrelax.net\\\/produto\\\/moradia-t3-em-alvito\\\/#primaryimage\"},\"thumbnailUrl\":\"https:\\\/\\\/i0.wp.com\\\/ptrelax.net\\\/wp-content\\\/uploads\\\/2025\\\/07\\\/Lote-95-Moradia-T3-em-Alvito-2.png?fit=500%2C375&ssl=1\",\"datePublished\":\"2025-07-01T13:39:59+00:00\",\"dateModified\":\"2026-03-09T17:04:51+00:00\",\"breadcrumb\":{\"@id\":\"https:\\\/\\\/ptrelax.net\\\/produto\\\/moradia-t3-em-alvito\\\/#breadcrumb\"},\"inLanguage\":\"en-GB\",\"potentialAction\":[{\"@type\":\"ReadAction\",\"target\":[\"https:\\\/\\\/ptrelax.net\\\/produto\\\/moradia-t3-em-alvito\\\/\"]}]},{\"@type\":\"ImageObject\",\"inLanguage\":\"en-GB\",\"@id\":\"https:\\\/\\\/ptrelax.net\\\/produto\\\/moradia-t3-em-alvito\\\/#primaryimage\",\"url\":\"https:\\\/\\\/i0.wp.com\\\/ptrelax.net\\\/wp-content\\\/uploads\\\/2025\\\/07\\\/Lote-95-Moradia-T3-em-Alvito-2.png?fit=500%2C375&ssl=1\",\"contentUrl\":\"https:\\\/\\\/i0.wp.com\\\/ptrelax.net\\\/wp-content\\\/uploads\\\/2025\\\/07\\\/Lote-95-Moradia-T3-em-Alvito-2.png?fit=500%2C375&ssl=1\",\"width\":500,\"height\":375},{\"@type\":\"BreadcrumbList\",\"@id\":\"https:\\\/\\\/ptrelax.net\\\/produto\\\/moradia-t3-em-alvito\\\/#breadcrumb\",\"itemListElement\":[{\"@type\":\"ListItem\",\"position\":1,\"name\":\"In\u00edcio\",\"item\":\"https:\\\/\\\/ptrelax.net\\\/\"},{\"@type\":\"ListItem\",\"position\":2,\"name\":\"Leil\u00f5es\",\"item\":\"https:\\\/\\\/ptrelax.net\\\/leiloes\\\/\"},{\"@type\":\"ListItem\",\"position\":3,\"name\":\"Moradia T3 em Alvito\"}]},{\"@type\":\"WebSite\",\"@id\":\"https:\\\/\\\/ptrelax.net\\\/#website\",\"url\":\"https:\\\/\\\/ptrelax.net\\\/\",\"name\":\"PTRELAX\",\"description\":\"Pr\u00f3xima Rubrica Lda\",\"publisher\":{\"@id\":\"https:\\\/\\\/ptrelax.net\\\/#organization\"},\"potentialAction\":[{\"@type\":\"SearchAction\",\"target\":{\"@type\":\"EntryPoint\",\"urlTemplate\":\"https:\\\/\\\/ptrelax.net\\\/?s={search_term_string}\"},\"query-input\":{\"@type\":\"PropertyValueSpecification\",\"valueRequired\":true,\"valueName\":\"search_term_string\"}}],\"inLanguage\":\"en-GB\"},{\"@type\":\"Organization\",\"@id\":\"https:\\\/\\\/ptrelax.net\\\/#organization\",\"name\":\"PTRELAX - Pr\u00f3xima Rubrica\",\"url\":\"https:\\\/\\\/ptrelax.net\\\/\",\"logo\":{\"@type\":\"ImageObject\",\"inLanguage\":\"en-GB\",\"@id\":\"https:\\\/\\\/ptrelax.net\\\/#\\\/schema\\\/logo\\\/image\\\/\",\"url\":\"https:\\\/\\\/i2.wp.com\\\/ptrelax.net\\\/wp-content\\\/uploads\\\/2021\\\/12\\\/LOGO-PT-RELAX-1080x610-Blue.png?fit=1080%2C610&ssl=1\",\"contentUrl\":\"https:\\\/\\\/i2.wp.com\\\/ptrelax.net\\\/wp-content\\\/uploads\\\/2021\\\/12\\\/LOGO-PT-RELAX-1080x610-Blue.png?fit=1080%2C610&ssl=1\",\"width\":1080,\"height\":610,\"caption\":\"PTRELAX - Pr\u00f3xima Rubrica\"},\"image\":{\"@id\":\"https:\\\/\\\/ptrelax.net\\\/#\\\/schema\\\/logo\\\/image\\\/\"}}]}<\/script>\n<!-- \/ Yoast SEO plugin. -->","yoast_head_json":{"title":"Moradia T3 em Alvito - PTRELAX","robots":{"index":"index","follow":"follow","max-snippet":"max-snippet:-1","max-image-preview":"max-image-preview:large","max-video-preview":"max-video-preview:-1"},"canonical":"https:\/\/ptrelax.net\/en\/product\/moradia-t3-em-alvito\/","og_locale":"en_GB","og_type":"article","og_title":"Moradia T3 em Alvito - PTRELAX","og_description":"Pre\u00e7o Base- 85.000.00\u20ac  Valor m\u00ednimo de venda - 85.000.00\u20ac   _ _  A negocia\u00e7\u00e3o particular, permite aos v\u00e1rios Interessados\/Proponentes submeter uma proposta em valores inferiores aos anunciados para a referida venda, ficando sujeita \u00e0 sua valida\u00e7\u00e3o. _   T\u00e9rmino negocia\u00e7\u00e3o: 31\/05\/2026 14:00","og_url":"https:\/\/ptrelax.net\/en\/product\/moradia-t3-em-alvito\/","og_site_name":"PTRELAX","article_modified_time":"2026-03-09T17:04:51+00:00","og_image":[{"width":500,"height":375,"url":"https:\/\/ptrelax.net\/wp-content\/uploads\/2025\/07\/Lote-95-Moradia-T3-em-Alvito-2.png","type":"image\/png"}],"twitter_card":"summary_large_image","twitter_misc":{"Estimated reading time":"1 minute"},"schema":{"@context":"https:\/\/schema.org","@graph":[{"@type":"WebPage","@id":"https:\/\/ptrelax.net\/produto\/moradia-t3-em-alvito\/","url":"https:\/\/ptrelax.net\/produto\/moradia-t3-em-alvito\/","name":"Moradia T3 em Alvito - PTRELAX","isPartOf":{"@id":"https:\/\/ptrelax.net\/#website"},"primaryImageOfPage":{"@id":"https:\/\/ptrelax.net\/produto\/moradia-t3-em-alvito\/#primaryimage"},"image":{"@id":"https:\/\/ptrelax.net\/produto\/moradia-t3-em-alvito\/#primaryimage"},"thumbnailUrl":"https:\/\/i0.wp.com\/ptrelax.net\/wp-content\/uploads\/2025\/07\/Lote-95-Moradia-T3-em-Alvito-2.png?fit=500%2C375&ssl=1","datePublished":"2025-07-01T13:39:59+00:00","dateModified":"2026-03-09T17:04:51+00:00","breadcrumb":{"@id":"https:\/\/ptrelax.net\/produto\/moradia-t3-em-alvito\/#breadcrumb"},"inLanguage":"en-GB","potentialAction":[{"@type":"ReadAction","target":["https:\/\/ptrelax.net\/produto\/moradia-t3-em-alvito\/"]}]},{"@type":"ImageObject","inLanguage":"en-GB","@id":"https:\/\/ptrelax.net\/produto\/moradia-t3-em-alvito\/#primaryimage","url":"https:\/\/i0.wp.com\/ptrelax.net\/wp-content\/uploads\/2025\/07\/Lote-95-Moradia-T3-em-Alvito-2.png?fit=500%2C375&ssl=1","contentUrl":"https:\/\/i0.wp.com\/ptrelax.net\/wp-content\/uploads\/2025\/07\/Lote-95-Moradia-T3-em-Alvito-2.png?fit=500%2C375&ssl=1","width":500,"height":375},{"@type":"BreadcrumbList","@id":"https:\/\/ptrelax.net\/produto\/moradia-t3-em-alvito\/#breadcrumb","itemListElement":[{"@type":"ListItem","position":1,"name":"In\u00edcio","item":"https:\/\/ptrelax.net\/"},{"@type":"ListItem","position":2,"name":"Leil\u00f5es","item":"https:\/\/ptrelax.net\/leiloes\/"},{"@type":"ListItem","position":3,"name":"Moradia T3 em Alvito"}]},{"@type":"WebSite","@id":"https:\/\/ptrelax.net\/#website","url":"https:\/\/ptrelax.net\/","name":"PTRELAX","description":"Pr\u00f3xima Rubrica Lda","publisher":{"@id":"https:\/\/ptrelax.net\/#organization"},"potentialAction":[{"@type":"SearchAction","target":{"@type":"EntryPoint","urlTemplate":"https:\/\/ptrelax.net\/?s={search_term_string}"},"query-input":{"@type":"PropertyValueSpecification","valueRequired":true,"valueName":"search_term_string"}}],"inLanguage":"en-GB"},{"@type":"Organization","@id":"https:\/\/ptrelax.net\/#organization","name":"PTRELAX - Pr\u00f3xima Rubrica","url":"https:\/\/ptrelax.net\/","logo":{"@type":"ImageObject","inLanguage":"en-GB","@id":"https:\/\/ptrelax.net\/#\/schema\/logo\/image\/","url":"https:\/\/i2.wp.com\/ptrelax.net\/wp-content\/uploads\/2021\/12\/LOGO-PT-RELAX-1080x610-Blue.png?fit=1080%2C610&ssl=1","contentUrl":"https:\/\/i2.wp.com\/ptrelax.net\/wp-content\/uploads\/2021\/12\/LOGO-PT-RELAX-1080x610-Blue.png?fit=1080%2C610&ssl=1","width":1080,"height":610,"caption":"PTRELAX - Pr\u00f3xima Rubrica"},"image":{"@id":"https:\/\/ptrelax.net\/#\/schema\/logo\/image\/"}}]}},"jetpack-related-posts":[{"id":3888,"url":"https:\/\/ptrelax.net\/en\/product\/apartamento-t1-lisboa\/","url_meta":{"origin":4982,"position":0},"title":"Apartamento T1 Marvila Lisboa","author":"vascoarrojado","date":"19\/12\/2022","format":false,"excerpt":"Valor base - 485.000.00\u20ac Valor m\u00ednimo - 475.000.00\u20ac _ A negocia\u00e7\u00e3o particular, permite aos v\u00e1rios Interessados\/Proponentes submeter uma proposta em valores inferiores aos anunciados para a referida venda, ficando sujeita \u00e0 sua valida\u00e7\u00e3o. _ T\u00e9rmino negocia\u00e7\u00e3o: 31\/05\/2026 14:00","rel":"","context":"Similar post","block_context":{"text":"Similar post","link":""},"img":{"alt_text":"","src":"https:\/\/i0.wp.com\/ptrelax.net\/wp-content\/uploads\/2022\/12\/Lote-18-Apartamento-Marvila-1.png?fit=500%2C375&ssl=1&resize=350%2C200","width":350,"height":200},"classes":[]},{"id":4367,"url":"https:\/\/ptrelax.net\/en\/product\/apartamento-t3-caldas-da-rainha\/","url_meta":{"origin":4982,"position":1},"title":"Apartamento T3 Caldas da Rainha","author":"vascoarrojado","date":"08\/09\/2023","format":false,"excerpt":"Pre\u00e7o Base 99.000.00\u20ac Valor m\u00ednimo 92.000.00\u20ac _ _ A negocia\u00e7\u00e3o particular, permite aos v\u00e1rios Interessados\/Proponentes submeter uma proposta em valores inferiores aos anunciados para a referida venda, ficando sujeita \u00e0 sua valida\u00e7\u00e3o. _ T\u00e9rmino negocia\u00e7\u00e3o: 31\/05\/2026 14:00","rel":"","context":"Similar post","block_context":{"text":"Similar post","link":""},"img":{"alt_text":"","src":"https:\/\/i0.wp.com\/ptrelax.net\/wp-content\/uploads\/2023\/09\/T3-Caldas-1.png?fit=500%2C375&ssl=1&resize=350%2C200","width":350,"height":200},"classes":[]},{"id":4062,"url":"https:\/\/ptrelax.net\/en\/product\/apartamento-t3-condominio-privado-lisboa\/","url_meta":{"origin":4982,"position":2},"title":"Apartamento T3 condom\u00ednio privado \u2013 Lisboa","author":"vascoarrojado","date":"17\/02\/2023","format":false,"excerpt":"Valor Base-620.000.00\u20ac Valor m\u00ednimo -610.000.00\u20ac _ _ A negocia\u00e7\u00e3o particular, permite aos v\u00e1rios Interessados\/Proponentes submeter uma proposta em valores inferiores aos anunciados para a referida venda, ficando sujeita \u00e0 sua valida\u00e7\u00e3o. _ T\u00e9rmino negocia\u00e7\u00e3o: 31\/05\/2026 14:00","rel":"","context":"Similar post","block_context":{"text":"Similar post","link":""},"img":{"alt_text":"","src":"https:\/\/i0.wp.com\/ptrelax.net\/wp-content\/uploads\/2023\/02\/Lote-38-15_2-T3-Condominio-Lisboa-1.png?fit=500%2C375&ssl=1&resize=350%2C200","width":350,"height":200},"classes":[]},{"id":4075,"url":"https:\/\/ptrelax.net\/en\/product\/apartamento-t3-penha-de-franca-lisboa-2\/","url_meta":{"origin":4982,"position":3},"title":"Apartamento T3 \u2013 Penha de Fran\u00e7a \u2013 Lisboa","author":"vascoarrojado","date":"17\/02\/2023","format":false,"excerpt":"Valor Base-650.000.00\u20ac Valor m\u00ednimo-590.000.00\u20ac _ _ A negocia\u00e7\u00e3o particular, permite aos v\u00e1rios Interessados\/Proponentes submeter uma proposta em valores inferiores aos anunciados para a referida venda, ficando sujeita \u00e0 sua valida\u00e7\u00e3o. _ T\u00e9rmino negocia\u00e7\u00e3o: 31\/05\/2026 14:00","rel":"","context":"Similar post","block_context":{"text":"Similar post","link":""},"img":{"alt_text":"","src":"https:\/\/i0.wp.com\/ptrelax.net\/wp-content\/uploads\/2023\/02\/Lote-36-15_2-T3-Penha-de-Franca-14.png?fit=500%2C375&ssl=1&resize=350%2C200","width":350,"height":200},"classes":[]},{"id":4988,"url":"https:\/\/ptrelax.net\/en\/product\/garagem-para-carro-e-mota-vila-pouca-de-aguiar\/","url_meta":{"origin":4982,"position":4},"title":"Garagem para Carro e Mota \u2013 Vila Pouca de Aguiar","author":"Nuno Fr\u00f3is","date":"11\/11\/2025","format":false,"excerpt":"Pre\u00e7o Base -5.500.00\u20ac Valor m\u00ednimo de venda -5.500.00\u20ac _ _ A negocia\u00e7\u00e3o particular, permite aos v\u00e1rios Interessados\/Proponentes submeter uma proposta em valores inferiores aos anunciados para a referida venda, ficando sujeita \u00e0 sua valida\u00e7\u00e3o. _ T\u00e9rmino negocia\u00e7\u00e3o: 31\/05\/2026 14:00","rel":"","context":"Similar post","block_context":{"text":"Similar post","link":""},"img":{"alt_text":"","src":"https:\/\/i0.wp.com\/ptrelax.net\/wp-content\/uploads\/2025\/11\/Lote-100-Garagem-Vila-Pouca-de-Aguiar-5.png?fit=500%2C375&ssl=1&resize=350%2C200","width":350,"height":200},"classes":[]},{"id":4781,"url":"https:\/\/ptrelax.net\/en\/product\/casa-povoa-das-meadas-2\/","url_meta":{"origin":4982,"position":5},"title":"Casa P\u00f3voa das Meadas","author":"vascoarrojado","date":"04\/06\/2024","format":false,"excerpt":"Valor m\u00ednimo de venda - 58.500.00\u20ac _ _ A negocia\u00e7\u00e3o particular, permite aos v\u00e1rios Interessados\/Proponentes submeter uma proposta em valores inferiores aos anunciados para a referida venda, ficando sujeita \u00e0 sua valida\u00e7\u00e3o. _ \u00a0 T\u00e9rmino negocia\u00e7\u00e3o: 31\/05\/2026 14:00","rel":"","context":"Similar post","block_context":{"text":"Similar post","link":""},"img":{"alt_text":"","src":"https:\/\/i0.wp.com\/ptrelax.net\/wp-content\/uploads\/2024\/06\/Casa-Povoa-das-Meadas-8.png?fit=500%2C375&ssl=1&resize=350%2C200","width":350,"height":200},"classes":[]}],"jetpack_sharing_enabled":true,"_links":{"self":[{"href":"https:\/\/ptrelax.net\/en\/wp-json\/wp\/v2\/product\/4982","targetHints":{"allow":["GET"]}}],"collection":[{"href":"https:\/\/ptrelax.net\/en\/wp-json\/wp\/v2\/product"}],"about":[{"href":"https:\/\/ptrelax.net\/en\/wp-json\/wp\/v2\/types\/product"}],"wp:featuredmedia":[{"embeddable":true,"href":"https:\/\/ptrelax.net\/en\/wp-json\/wp\/v2\/media\/5096"}],"wp:attachment":[{"href":"https:\/\/ptrelax.net\/en\/wp-json\/wp\/v2\/media?parent=4982"}],"wp:term":[{"taxonomy":"product_brand","embeddable":true,"href":"https:\/\/ptrelax.net\/en\/wp-json\/wp\/v2\/product_brand?post=4982"},{"taxonomy":"product_cat","embeddable":true,"href":"https:\/\/ptrelax.net\/en\/wp-json\/wp\/v2\/product_cat?post=4982"},{"taxonomy":"product_tag","embeddable":true,"href":"https:\/\/ptrelax.net\/en\/wp-json\/wp\/v2\/product_tag?post=4982"}],"curies":[{"name":"wp","href":"https:\/\/api.w.org\/{rel}","templated":true}]}}