{"id":5258,"date":"2026-04-02T10:27:14","date_gmt":"2026-04-02T09:27:14","guid":{"rendered":"https:\/\/ptrelax.net\/?post_type=product&#038;p=5258"},"modified":"2026-04-30T10:08:48","modified_gmt":"2026-04-30T09:08:48","slug":"predio-em-almada-para-reconstrucao","status":"publish","type":"product","link":"https:\/\/ptrelax.net\/en\/product\/predio-em-almada-para-reconstrucao\/","title":{"rendered":"Pr\u00e9dio em Almada Para Reconstru\u00e7\u00e3o"},"content":{"rendered":"<div><b>Situado na Rua da Lage 2800-194 Almada\u00a0<\/b><\/div>\n<div>\n<div class=\"gmail_signature\" dir=\"ltr\" data-smartmail=\"gmail_signature\">\n<div dir=\"ltr\"><\/div>\n<div><b>\u00c1rea Total do Terreno 188,00m2,\u00c1rea de Implanta\u00e7\u00e3o 164,00m2.<\/b><\/div>\n<div><b>\u00a0<\/b><\/div>\n<div><b>Pr\u00e9dio em Propriedade Total, r\/c lojas, logradouro,1\u00ba Andar 4 frac\u00e7\u00f5es.<\/b><\/div>\n<\/div>\n<\/div>","protected":false},"excerpt":{"rendered":"<p>Inicio &#8211; 02\/04\/2026 19:00<br \/>\nT\u00e9rmino &#8211; 01\/06\/2026 19:00<\/p>\n<p>Pre\u00e7o de Venda: 550.000\u20ac<\/p>","protected":false},"featured_media":5259,"template":"","meta":{"nf_dc_page":"","om_disable_all_campaigns":false,"_monsterinsights_skip_tracking":false,"_monsterinsights_sitenote_active":false,"_monsterinsights_sitenote_note":"","_monsterinsights_sitenote_category":0,"neve_meta_sidebar":"","neve_meta_container":"","neve_meta_enable_content_width":"off","neve_meta_content_width":100,"neve_meta_title_alignment":"","neve_meta_author_avatar":"","neve_post_elements_order":"","neve_meta_disable_header":"","neve_meta_disable_footer":"","neve_meta_disable_title":"","_themeisle_gutenberg_block_has_review":false},"product_brand":[],"product_cat":[29,178,191],"product_tag":[],"class_list":{"0":"post-5258","1":"product","2":"type-product","3":"status-publish","4":"has-post-thumbnail","6":"product_cat-imoveis-casas-apartamento-moradia-lojas-terrenos","7":"product_cat-leilao-eletronico","8":"product_cat-todas-as-vendas","10":"first","11":"instock","12":"sold-individually","13":"shipping-taxable","14":"product-type-auction"},"yoast_head":"<!-- This site is optimized with the Yoast SEO plugin v27.6 - https:\/\/yoast.com\/product\/yoast-seo-wordpress\/ -->\n<title>Pr\u00e9dio em Almada Para Reconstru\u00e7\u00e3o - PTRELAX<\/title>\n<meta name=\"robots\" content=\"index, follow, max-snippet:-1, max-image-preview:large, max-video-preview:-1\" \/>\n<link rel=\"canonical\" href=\"https:\/\/ptrelax.net\/en\/product\/predio-em-almada-para-reconstrucao\/\" \/>\n<meta property=\"og:locale\" content=\"en_GB\" \/>\n<meta property=\"og:type\" content=\"article\" \/>\n<meta property=\"og:title\" content=\"Pr\u00e9dio em Almada Para Reconstru\u00e7\u00e3o - PTRELAX\" \/>\n<meta property=\"og:description\" content=\"Inicio - 02\/04\/2026 19:00 T\u00e9rmino - 01\/06\/2026 19:00  Pre\u00e7o de Venda: 550.000\u20ac\" \/>\n<meta property=\"og:url\" content=\"https:\/\/ptrelax.net\/en\/product\/predio-em-almada-para-reconstrucao\/\" \/>\n<meta property=\"og:site_name\" content=\"PTRELAX\" \/>\n<meta property=\"article:modified_time\" content=\"2026-04-30T09:08:48+00:00\" \/>\n<meta property=\"og:image\" content=\"https:\/\/ptrelax.net\/wp-content\/uploads\/2026\/04\/Predio-em-Almada-Para-Reconstrucao-1.png\" \/>\n\t<meta property=\"og:image:width\" content=\"500\" \/>\n\t<meta property=\"og:image:height\" content=\"375\" \/>\n\t<meta property=\"og:image:type\" content=\"image\/png\" \/>\n<meta name=\"twitter:card\" content=\"summary_large_image\" \/>\n<meta name=\"twitter:label1\" content=\"Estimated reading time\" \/>\n\t<meta name=\"twitter:data1\" content=\"1 minute\" \/>\n<script type=\"application\/ld+json\" class=\"yoast-schema-graph\">{\"@context\":\"https:\\\/\\\/schema.org\",\"@graph\":[{\"@type\":\"WebPage\",\"@id\":\"https:\\\/\\\/ptrelax.net\\\/produto\\\/predio-em-almada-para-reconstrucao\\\/\",\"url\":\"https:\\\/\\\/ptrelax.net\\\/produto\\\/predio-em-almada-para-reconstrucao\\\/\",\"name\":\"Pr\u00e9dio em Almada Para Reconstru\u00e7\u00e3o - PTRELAX\",\"isPartOf\":{\"@id\":\"https:\\\/\\\/ptrelax.net\\\/#website\"},\"primaryImageOfPage\":{\"@id\":\"https:\\\/\\\/ptrelax.net\\\/produto\\\/predio-em-almada-para-reconstrucao\\\/#primaryimage\"},\"image\":{\"@id\":\"https:\\\/\\\/ptrelax.net\\\/produto\\\/predio-em-almada-para-reconstrucao\\\/#primaryimage\"},\"thumbnailUrl\":\"https:\\\/\\\/i0.wp.com\\\/ptrelax.net\\\/wp-content\\\/uploads\\\/2026\\\/04\\\/Predio-em-Almada-Para-Reconstrucao-1.png?fit=500%2C375&ssl=1\",\"datePublished\":\"2026-04-02T09:27:14+00:00\",\"dateModified\":\"2026-04-30T09:08:48+00:00\",\"breadcrumb\":{\"@id\":\"https:\\\/\\\/ptrelax.net\\\/produto\\\/predio-em-almada-para-reconstrucao\\\/#breadcrumb\"},\"inLanguage\":\"en-GB\",\"potentialAction\":[{\"@type\":\"ReadAction\",\"target\":[\"https:\\\/\\\/ptrelax.net\\\/produto\\\/predio-em-almada-para-reconstrucao\\\/\"]}]},{\"@type\":\"ImageObject\",\"inLanguage\":\"en-GB\",\"@id\":\"https:\\\/\\\/ptrelax.net\\\/produto\\\/predio-em-almada-para-reconstrucao\\\/#primaryimage\",\"url\":\"https:\\\/\\\/i0.wp.com\\\/ptrelax.net\\\/wp-content\\\/uploads\\\/2026\\\/04\\\/Predio-em-Almada-Para-Reconstrucao-1.png?fit=500%2C375&ssl=1\",\"contentUrl\":\"https:\\\/\\\/i0.wp.com\\\/ptrelax.net\\\/wp-content\\\/uploads\\\/2026\\\/04\\\/Predio-em-Almada-Para-Reconstrucao-1.png?fit=500%2C375&ssl=1\",\"width\":500,\"height\":375},{\"@type\":\"BreadcrumbList\",\"@id\":\"https:\\\/\\\/ptrelax.net\\\/produto\\\/predio-em-almada-para-reconstrucao\\\/#breadcrumb\",\"itemListElement\":[{\"@type\":\"ListItem\",\"position\":1,\"name\":\"In\u00edcio\",\"item\":\"https:\\\/\\\/ptrelax.net\\\/\"},{\"@type\":\"ListItem\",\"position\":2,\"name\":\"Leil\u00f5es\",\"item\":\"https:\\\/\\\/ptrelax.net\\\/leiloes\\\/\"},{\"@type\":\"ListItem\",\"position\":3,\"name\":\"Pr\u00e9dio em Almada Para Reconstru\u00e7\u00e3o\"}]},{\"@type\":\"WebSite\",\"@id\":\"https:\\\/\\\/ptrelax.net\\\/#website\",\"url\":\"https:\\\/\\\/ptrelax.net\\\/\",\"name\":\"PTRELAX\",\"description\":\"Pr\u00f3xima Rubrica Lda\",\"publisher\":{\"@id\":\"https:\\\/\\\/ptrelax.net\\\/#organization\"},\"potentialAction\":[{\"@type\":\"SearchAction\",\"target\":{\"@type\":\"EntryPoint\",\"urlTemplate\":\"https:\\\/\\\/ptrelax.net\\\/?s={search_term_string}\"},\"query-input\":{\"@type\":\"PropertyValueSpecification\",\"valueRequired\":true,\"valueName\":\"search_term_string\"}}],\"inLanguage\":\"en-GB\"},{\"@type\":\"Organization\",\"@id\":\"https:\\\/\\\/ptrelax.net\\\/#organization\",\"name\":\"PTRELAX - Pr\u00f3xima Rubrica\",\"url\":\"https:\\\/\\\/ptrelax.net\\\/\",\"logo\":{\"@type\":\"ImageObject\",\"inLanguage\":\"en-GB\",\"@id\":\"https:\\\/\\\/ptrelax.net\\\/#\\\/schema\\\/logo\\\/image\\\/\",\"url\":\"https:\\\/\\\/i2.wp.com\\\/ptrelax.net\\\/wp-content\\\/uploads\\\/2021\\\/12\\\/LOGO-PT-RELAX-1080x610-Blue.png?fit=1080%2C610&ssl=1\",\"contentUrl\":\"https:\\\/\\\/i2.wp.com\\\/ptrelax.net\\\/wp-content\\\/uploads\\\/2021\\\/12\\\/LOGO-PT-RELAX-1080x610-Blue.png?fit=1080%2C610&ssl=1\",\"width\":1080,\"height\":610,\"caption\":\"PTRELAX - Pr\u00f3xima Rubrica\"},\"image\":{\"@id\":\"https:\\\/\\\/ptrelax.net\\\/#\\\/schema\\\/logo\\\/image\\\/\"}}]}<\/script>\n<!-- \/ Yoast SEO plugin. -->","yoast_head_json":{"title":"Pr\u00e9dio em Almada Para Reconstru\u00e7\u00e3o - PTRELAX","robots":{"index":"index","follow":"follow","max-snippet":"max-snippet:-1","max-image-preview":"max-image-preview:large","max-video-preview":"max-video-preview:-1"},"canonical":"https:\/\/ptrelax.net\/en\/product\/predio-em-almada-para-reconstrucao\/","og_locale":"en_GB","og_type":"article","og_title":"Pr\u00e9dio em Almada Para Reconstru\u00e7\u00e3o - PTRELAX","og_description":"Inicio - 02\/04\/2026 19:00 T\u00e9rmino - 01\/06\/2026 19:00  Pre\u00e7o de Venda: 550.000\u20ac","og_url":"https:\/\/ptrelax.net\/en\/product\/predio-em-almada-para-reconstrucao\/","og_site_name":"PTRELAX","article_modified_time":"2026-04-30T09:08:48+00:00","og_image":[{"width":500,"height":375,"url":"https:\/\/ptrelax.net\/wp-content\/uploads\/2026\/04\/Predio-em-Almada-Para-Reconstrucao-1.png","type":"image\/png"}],"twitter_card":"summary_large_image","twitter_misc":{"Estimated reading time":"1 minute"},"schema":{"@context":"https:\/\/schema.org","@graph":[{"@type":"WebPage","@id":"https:\/\/ptrelax.net\/produto\/predio-em-almada-para-reconstrucao\/","url":"https:\/\/ptrelax.net\/produto\/predio-em-almada-para-reconstrucao\/","name":"Pr\u00e9dio em Almada Para Reconstru\u00e7\u00e3o - PTRELAX","isPartOf":{"@id":"https:\/\/ptrelax.net\/#website"},"primaryImageOfPage":{"@id":"https:\/\/ptrelax.net\/produto\/predio-em-almada-para-reconstrucao\/#primaryimage"},"image":{"@id":"https:\/\/ptrelax.net\/produto\/predio-em-almada-para-reconstrucao\/#primaryimage"},"thumbnailUrl":"https:\/\/i0.wp.com\/ptrelax.net\/wp-content\/uploads\/2026\/04\/Predio-em-Almada-Para-Reconstrucao-1.png?fit=500%2C375&ssl=1","datePublished":"2026-04-02T09:27:14+00:00","dateModified":"2026-04-30T09:08:48+00:00","breadcrumb":{"@id":"https:\/\/ptrelax.net\/produto\/predio-em-almada-para-reconstrucao\/#breadcrumb"},"inLanguage":"en-GB","potentialAction":[{"@type":"ReadAction","target":["https:\/\/ptrelax.net\/produto\/predio-em-almada-para-reconstrucao\/"]}]},{"@type":"ImageObject","inLanguage":"en-GB","@id":"https:\/\/ptrelax.net\/produto\/predio-em-almada-para-reconstrucao\/#primaryimage","url":"https:\/\/i0.wp.com\/ptrelax.net\/wp-content\/uploads\/2026\/04\/Predio-em-Almada-Para-Reconstrucao-1.png?fit=500%2C375&ssl=1","contentUrl":"https:\/\/i0.wp.com\/ptrelax.net\/wp-content\/uploads\/2026\/04\/Predio-em-Almada-Para-Reconstrucao-1.png?fit=500%2C375&ssl=1","width":500,"height":375},{"@type":"BreadcrumbList","@id":"https:\/\/ptrelax.net\/produto\/predio-em-almada-para-reconstrucao\/#breadcrumb","itemListElement":[{"@type":"ListItem","position":1,"name":"In\u00edcio","item":"https:\/\/ptrelax.net\/"},{"@type":"ListItem","position":2,"name":"Leil\u00f5es","item":"https:\/\/ptrelax.net\/leiloes\/"},{"@type":"ListItem","position":3,"name":"Pr\u00e9dio em Almada Para Reconstru\u00e7\u00e3o"}]},{"@type":"WebSite","@id":"https:\/\/ptrelax.net\/#website","url":"https:\/\/ptrelax.net\/","name":"PTRELAX","description":"Pr\u00f3xima Rubrica Lda","publisher":{"@id":"https:\/\/ptrelax.net\/#organization"},"potentialAction":[{"@type":"SearchAction","target":{"@type":"EntryPoint","urlTemplate":"https:\/\/ptrelax.net\/?s={search_term_string}"},"query-input":{"@type":"PropertyValueSpecification","valueRequired":true,"valueName":"search_term_string"}}],"inLanguage":"en-GB"},{"@type":"Organization","@id":"https:\/\/ptrelax.net\/#organization","name":"PTRELAX - Pr\u00f3xima Rubrica","url":"https:\/\/ptrelax.net\/","logo":{"@type":"ImageObject","inLanguage":"en-GB","@id":"https:\/\/ptrelax.net\/#\/schema\/logo\/image\/","url":"https:\/\/i2.wp.com\/ptrelax.net\/wp-content\/uploads\/2021\/12\/LOGO-PT-RELAX-1080x610-Blue.png?fit=1080%2C610&ssl=1","contentUrl":"https:\/\/i2.wp.com\/ptrelax.net\/wp-content\/uploads\/2021\/12\/LOGO-PT-RELAX-1080x610-Blue.png?fit=1080%2C610&ssl=1","width":1080,"height":610,"caption":"PTRELAX - Pr\u00f3xima Rubrica"},"image":{"@id":"https:\/\/ptrelax.net\/#\/schema\/logo\/image\/"}}]}},"jetpack-related-posts":[{"id":5270,"url":"https:\/\/ptrelax.net\/en\/product\/1-2-apartamento-t3-entroncamento\/","url_meta":{"origin":5258,"position":0},"title":"1\/2 APARTAMENTO T3 ENTRONCAMENTO","author":"vascoarrojado","date":"06\/04\/2026","format":false,"excerpt":"Inicio - 06\/04\/2026 19:00 T\u00e9rmino - 27\/04\/2026 19:00","rel":"","context":"Similar post","block_context":{"text":"Similar post","link":""},"img":{"alt_text":"","src":"https:\/\/i0.wp.com\/ptrelax.net\/wp-content\/uploads\/2026\/03\/Lote-98-Apartamento-T3-Entroncamento-1.png?fit=500%2C375&ssl=1&resize=350%2C200","width":350,"height":200},"classes":[]},{"id":5236,"url":"https:\/\/ptrelax.net\/en\/product\/herdade-em-farelo-portimao\/","url_meta":{"origin":5258,"position":1},"title":"Herdade em Farelo Portim\u00e3o","author":"vascoarrojado","date":"01\/04\/2026","format":false,"excerpt":"Inicio - 01\/04\/2026 19:00 T\u00e9rmino - 01\/06\/2026 19:00 Pre\u00e7o de Venda: 2.180.000\u20ac","rel":"","context":"Similar post","block_context":{"text":"Similar post","link":""},"img":{"alt_text":"","src":"https:\/\/i0.wp.com\/ptrelax.net\/wp-content\/uploads\/2026\/04\/Herdade-em-Farelo-Portimao-1.png?fit=500%2C375&ssl=1&resize=350%2C200","width":350,"height":200},"classes":[]},{"id":5249,"url":"https:\/\/ptrelax.net\/en\/product\/herdade-alegria-da-serra-albufeira\/","url_meta":{"origin":5258,"position":2},"title":"Herdade Alegria da Serra Albufeira","author":"vascoarrojado","date":"01\/04\/2026","format":false,"excerpt":"Inicio - 01\/04\/2026 19:00 T\u00e9rmino - 01\/06\/2026 19:00 Pre\u00e7o de Venda: 580.000\u20ac","rel":"","context":"Similar post","block_context":{"text":"Similar post","link":""},"img":{"alt_text":"","src":"https:\/\/i0.wp.com\/ptrelax.net\/wp-content\/uploads\/2026\/04\/Herdade-Alegria-da-Serra-Albufeira-5.png?fit=500%2C375&ssl=1&resize=350%2C200","width":350,"height":200},"classes":[]},{"id":5263,"url":"https:\/\/ptrelax.net\/en\/product\/terreno-alcacer-do-sal\/","url_meta":{"origin":5258,"position":3},"title":"Terreno Alc\u00e1cer do Sal","author":"vascoarrojado","date":"02\/04\/2026","format":false,"excerpt":"Inicio - 02\/04\/2026 19:00 T\u00e9rmino - 01\/06\/2026 19:00 Pre\u00e7o de Venda: 1.700.000\u20ac","rel":"","context":"Similar post","block_context":{"text":"Similar post","link":""},"img":{"alt_text":"","src":"https:\/\/i0.wp.com\/ptrelax.net\/wp-content\/uploads\/2026\/04\/Terreno-Alcacer-do-Sal-1.png?fit=500%2C375&ssl=1&resize=350%2C200","width":350,"height":200},"classes":[]},{"id":4524,"url":"https:\/\/ptrelax.net\/en\/product\/predio-com-4-andares-santa-catarina-lisboa\/","url_meta":{"origin":5258,"position":4},"title":"Pr\u00e9dio com 4 andares Santa Catarina Lisboa","author":"vascoarrojado","date":"22\/01\/2024","format":false,"excerpt":"Valor m\u00ednimo de Venda - 1.575.000.00\u20ac _ _ A negocia\u00e7\u00e3o particular, permite aos v\u00e1rios Interessados\/Proponentes submeter uma proposta em valores inferiores aos anunciados para a referida venda, ficando sujeita \u00e0 sua valida\u00e7\u00e3o. _ T\u00e9rmino negocia\u00e7\u00e3o: 31\/05\/2026 14:00","rel":"","context":"Similar post","block_context":{"text":"Similar post","link":""},"img":{"alt_text":"","src":"https:\/\/i0.wp.com\/ptrelax.net\/wp-content\/uploads\/2024\/01\/Lote-77-Predio-Santa-Catarina-5.png?fit=500%2C375&ssl=1&resize=350%2C200","width":350,"height":200},"classes":[]},{"id":4781,"url":"https:\/\/ptrelax.net\/en\/product\/casa-povoa-das-meadas-2\/","url_meta":{"origin":5258,"position":5},"title":"Casa P\u00f3voa das Meadas","author":"vascoarrojado","date":"04\/06\/2024","format":false,"excerpt":"Valor m\u00ednimo de venda - 58.500.00\u20ac _ _ A negocia\u00e7\u00e3o particular, permite aos v\u00e1rios Interessados\/Proponentes submeter uma proposta em valores inferiores aos anunciados para a referida venda, ficando sujeita \u00e0 sua valida\u00e7\u00e3o. _ \u00a0 T\u00e9rmino negocia\u00e7\u00e3o: 31\/05\/2026 14:00","rel":"","context":"Similar post","block_context":{"text":"Similar post","link":""},"img":{"alt_text":"","src":"https:\/\/i0.wp.com\/ptrelax.net\/wp-content\/uploads\/2024\/06\/Casa-Povoa-das-Meadas-8.png?fit=500%2C375&ssl=1&resize=350%2C200","width":350,"height":200},"classes":[]}],"jetpack_sharing_enabled":true,"_links":{"self":[{"href":"https:\/\/ptrelax.net\/en\/wp-json\/wp\/v2\/product\/5258","targetHints":{"allow":["GET"]}}],"collection":[{"href":"https:\/\/ptrelax.net\/en\/wp-json\/wp\/v2\/product"}],"about":[{"href":"https:\/\/ptrelax.net\/en\/wp-json\/wp\/v2\/types\/product"}],"wp:featuredmedia":[{"embeddable":true,"href":"https:\/\/ptrelax.net\/en\/wp-json\/wp\/v2\/media\/5259"}],"wp:attachment":[{"href":"https:\/\/ptrelax.net\/en\/wp-json\/wp\/v2\/media?parent=5258"}],"wp:term":[{"taxonomy":"product_brand","embeddable":true,"href":"https:\/\/ptrelax.net\/en\/wp-json\/wp\/v2\/product_brand?post=5258"},{"taxonomy":"product_cat","embeddable":true,"href":"https:\/\/ptrelax.net\/en\/wp-json\/wp\/v2\/product_cat?post=5258"},{"taxonomy":"product_tag","embeddable":true,"href":"https:\/\/ptrelax.net\/en\/wp-json\/wp\/v2\/product_tag?post=5258"}],"curies":[{"name":"wp","href":"https:\/\/api.w.org\/{rel}","templated":true}]}}